{"id":251,"date":"2017-01-04T14:46:09","date_gmt":"2017-01-04T13:46:09","guid":{"rendered":"https:\/\/www.rcafrance.com\/en\/contacts\/"},"modified":"2020-02-07T11:02:29","modified_gmt":"2020-02-07T10:02:29","slug":"contacts","status":"publish","type":"page","link":"https:\/\/www.rcafrance.com\/en\/contacts\/","title":{"rendered":"Contact"},"content":{"rendered":"<div class=\"col-md-4 col-sm-12 col-xs-12\"><img decoding=\"async\" class=\"alignnone size-full wp-image-57\" src=\"https:\/\/www.rcafrance.com\/wp-content\/uploads\/2017\/01\/usine.jpg\" alt=\"\" width=\"223\" height=\"156\"><\/div>\n<div class=\"col-md-4 col-sm-6 col-xs-12\">\n<h5><strong>RCA France<\/strong><\/h5>\n<p>12 rue Jean Chaptal<br \/>\nZI La Garenne<br \/>\n93605 AULNAY-SOUS-BOIS Cedex<br \/>\nFRANCE<\/p>\n<p>T\u00e9l : 01 48 66 73 40<br \/>\nFax : 01 48 68 61 98<br \/>\n<a href=\"mailto:rcafrance@rcafrance.com\">rcafrance@rcafrance.com<\/a><\/p>\n<\/div>\n<div class=\"col-md-4 col-sm-6 col-xs-12\">\n<h5><strong>Succursale Nord<\/strong><\/h5>\n<p>Resp : Freddy Merlin<\/p>\n<p>123 avenue Jean Jaur\u00e8s<br \/>\n59790 Ronchin<br \/>\nFRANCE<\/p>\n<p>Tel\/Fax : +33 3 20 52 63 94<br \/>\nMobile : +33 6 33 63 95 64<br \/>\nmail : <a href=\"mailto:rcanord@rcafrance.com\">rcanord@rcafrance.com<\/a><\/p>\n<\/div>\n<hr>\n<div class=\"col-md-4 col-sm-6 col-xs-12\">\n<h5><strong>Commercial R\u00e9gion Parisienne<\/strong><\/h5>\n<p>Resp : Christophe Verlhac<\/p>\n<p>T\u00e9l : +33 1 48 66 73 40<br \/>\nMobile : +33 6 08 86 59 38<br \/>\nFax : +33 1 48 68 61 98<br \/>\n<a href=\"mailto:rcafrance@rcafrance.com\">rcafrance@rcafrance.com<\/a><\/p>\n<\/div>\n<div class=\"col-md-4 col-sm-6 col-xs-12\">\n<h5><strong>Service Technique<\/strong><\/h5>\n<p>Resp : Xavier Lavorato<\/p>\n<p>T\u00e9l : +33 1 48 66 73 40<br \/>\nFax : +33 1 48 68 61 98<br \/>\n<a href=\"mailto:xavier@rcafrance.com\">xavier@rcafrance.com<\/a><\/p>\n<\/div>\n<div class=\"col-md-4 col-sm-6 col-xs-12\">\n<h5><strong>Direction<\/strong><\/h5>\n<p>Resp : Jean Claude Poletti<\/p>\n<p>T\u00e9l : +33 1 48 66 73 40<br \/>\nFax : +33 1 48 68 61 98<br \/>\n<a href=\"mailto:rcafrance@rcafrance.com\">rcafrance@rcafrance.com<\/a><\/p>\n<\/div>\n<div class=\"col-md-4 col-sm-6 col-xs-12\">\n<h5><strong>Responsable Commercial<\/strong><\/h5>\n<p>Resp : Hassane Ouaked<\/p>\n<p>T\u00e9l : +33 1 48 66 73 40<br \/>\nMobile : +33 6 86 56 27 15<br \/>\nFax : +33 1 48 68 61 98<br \/>\n<a href=\"mailto:hassanexport@rcafrance.com\">hassanexport@rcafrance.com<\/a><\/p>\n<\/div>\n<div class=\"col-md-4 col-sm-6 col-xs-12\">\n<h5><strong>Service technico-commercial Turbos<\/strong><\/h5>\n<p>Resp : Ambre Poletti<\/p>\n<p>T\u00e9l : +33 1 48 66 73 40<br \/>\nFax : +33 1 48 68 61 98<br \/>\n<a href=\"mailto:ambre@rcafrance.com\">ambre@rcafrance.com<\/a><\/p>\n<\/div>\n<hr>\n<h2>Contact us<\/h2>\n\n<div class=\"wpcf7 no-js\" id=\"wpcf7-f359-o1\" lang=\"fr-FR\" dir=\"ltr\" data-wpcf7-id=\"359\">\n<div class=\"screen-reader-response\"><p role=\"status\" aria-live=\"polite\" aria-atomic=\"true\"><\/p> <ul><\/ul><\/div>\n<form action=\"\/en\/wp-json\/wp\/v2\/pages\/251\/#wpcf7-f359-o1\" method=\"post\" class=\"wpcf7-form init\" aria-label=\"Formulaire de contact\" novalidate=\"novalidate\" data-status=\"init\">\n<fieldset class=\"hidden-fields-container\"><input type=\"hidden\" name=\"_wpcf7\" value=\"359\" \/><input type=\"hidden\" name=\"_wpcf7_version\" value=\"6.1.5\" \/><input type=\"hidden\" name=\"_wpcf7_locale\" value=\"fr_FR\" \/><input type=\"hidden\" name=\"_wpcf7_unit_tag\" value=\"wpcf7-f359-o1\" \/><input type=\"hidden\" name=\"_wpcf7_container_post\" value=\"0\" \/><input type=\"hidden\" name=\"_wpcf7_posted_data_hash\" value=\"\" \/>\n<\/fieldset>\n<div class=\"row\">\n\t<div class=\"col-md-6 field\">\n\t\t<p><span class=\"wpcf7-form-control-wrap\" data-name=\"your-name\"><input size=\"40\" maxlength=\"400\" class=\"wpcf7-form-control wpcf7-text wpcf7-validates-as-required\" aria-required=\"true\" aria-invalid=\"false\" placeholder=\"First and Last Name*\" value=\"\" type=\"text\" name=\"your-name\" \/><\/span>\n\t\t<\/p>\n\t<\/div>\n\t<div class=\"col-md-6 field\">\n\t\t<p><span class=\"wpcf7-form-control-wrap\" data-name=\"your-society\"><input size=\"40\" maxlength=\"400\" class=\"wpcf7-form-control wpcf7-text wpcf7-validates-as-required\" aria-required=\"true\" aria-invalid=\"false\" placeholder=\"Company*\" value=\"\" type=\"text\" name=\"your-society\" \/><\/span>\n\t\t<\/p>\n\t<\/div>\n<\/div>\n<div class=\"row\">\n\t<div class=\"col-md-6 field\">\n\t\t<p><span class=\"wpcf7-form-control-wrap\" data-name=\"your-email\"><input size=\"40\" maxlength=\"400\" class=\"wpcf7-form-control wpcf7-text wpcf7-validates-as-required\" aria-required=\"true\" aria-invalid=\"false\" placeholder=\"Email*\" value=\"\" type=\"text\" name=\"your-email\" \/><\/span>\n\t\t<\/p>\n\t<\/div>\n\t<div class=\"col-md-6 field\">\n\t\t<p><span class=\"wpcf7-form-control-wrap\" data-name=\"your-phone\"><input size=\"40\" maxlength=\"400\" class=\"wpcf7-form-control wpcf7-text wpcf7-validates-as-required\" aria-required=\"true\" aria-invalid=\"false\" placeholder=\"Phone*\" value=\"\" type=\"text\" name=\"your-phone\" \/><\/span>\n\t\t<\/p>\n\t<\/div>\n<\/div>\n<div class=\"row\">\n\t<div class=\"col-md-12 field\">\n\t\t<p><span class=\"wpcf7-form-control-wrap\" data-name=\"your-subject\"><input size=\"40\" maxlength=\"400\" class=\"wpcf7-form-control wpcf7-text wpcf7-validates-as-required\" aria-required=\"true\" aria-invalid=\"false\" placeholder=\"Object*\" value=\"\" type=\"text\" name=\"your-subject\" \/><\/span>\n\t\t<\/p>\n\t<\/div>\n<\/div>\n<div class=\"row\">\n\t<div class=\"col-md-12 field\">\n\t\t<p><span class=\"wpcf7-form-control-wrap\" data-name=\"your-message\"><textarea cols=\"40\" rows=\"10\" maxlength=\"2000\" class=\"wpcf7-form-control wpcf7-textarea wpcf7-validates-as-required\" aria-required=\"true\" aria-invalid=\"false\" placeholder=\"Message*\" name=\"your-message\"><\/textarea><\/span>\n\t\t<\/p>\n\t<\/div>\n<\/div>\n<div class=\"g-recaptcha\" style=\"text-align: center;\">\n\t<p><div id=\"cf7sr-6a04cc4703068\" class=\"cf7sr-g-recaptcha\" data-theme=\"light\" data-type=\"image\" data-size=\"normal\" data-sitekey=\"6LcbuBIUAAAAACxunHhLEvBWM1OmB_Ex1-PF9x59\"><\/div><span class=\"wpcf7-form-control-wrap cf7sr-recaptcha\" data-name=\"cf7sr-recaptcha\"><input type=\"hidden\" name=\"cf7sr-recaptcha\" value=\"\" class=\"wpcf7-form-control\"><\/span>\n\t<\/p>\n<\/div>\n<div class=\"submit-wrap\">\n\t<p><input class=\"wpcf7-form-control wpcf7-submit has-spinner btn btn-primary\" type=\"submit\" value=\"Send\" \/>\n\t<\/p>\n<\/div>\n<div style=\"text-align:right\">\n\t<p>* Required fields\n\t<\/p>\n<\/div><div class=\"wpcf7-response-output\" aria-hidden=\"true\"><\/div>\n<\/form>\n<\/div>\n\n","protected":false},"excerpt":{"rendered":"<p>RCA France 12 rue Jean Chaptal ZI La Garenne 93605 AULNAY-SOUS-BOIS Cedex FRANCE T\u00e9l : 01 48 66 73 40 Fax : 01 48 68 61 98 rcafrance@rcafrance.com Succursale Nord Resp : Freddy Merlin 123 avenue Jean Jaur\u00e8s 59790 Ronchin FRANCE Tel\/Fax : +33 3 20 52 63 94 Mobile : +33 6 33 63<br \/><a class=\"moretag\" href=\"https:\/\/www.rcafrance.com\/en\/contacts\/\" title=\"Learn more aboutContact\"> <i class=\"fa fa-chevron-right\"><\/i> Learn more<\/a><\/p>\n","protected":false},"author":2,"featured_media":0,"parent":0,"menu_order":0,"comment_status":"closed","ping_status":"closed","template":"","meta":{"ngg_post_thumbnail":0,"footnotes":""},"class_list":["post-251","page","type-page","status-publish","hentry"],"yoast_head":"<!-- This site is optimized with the Yoast SEO plugin v27.6 - https:\/\/yoast.com\/product\/yoast-seo-wordpress\/ -->\n<title>Contact - RCA France<\/title>\n<meta name=\"robots\" content=\"index, follow, max-snippet:-1, max-image-preview:large, max-video-preview:-1\" \/>\n<link rel=\"canonical\" href=\"https:\/\/www.rcafrance.com\/en\/contacts\/\" \/>\n<meta property=\"og:locale\" content=\"en_US\" \/>\n<meta property=\"og:type\" content=\"article\" \/>\n<meta property=\"og:title\" content=\"Contact - RCA France\" \/>\n<meta property=\"og:description\" content=\"RCA France 12 rue Jean Chaptal ZI La Garenne 93605 AULNAY-SOUS-BOIS Cedex FRANCE T\u00e9l : 01 48 66 73 40 Fax : 01 48 68 61 98 rcafrance@rcafrance.com Succursale Nord Resp : Freddy Merlin 123 avenue Jean Jaur\u00e8s 59790 Ronchin FRANCE Tel\/Fax : +33 3 20 52 63 94 Mobile : +33 6 33 63 Learn more\" \/>\n<meta property=\"og:url\" content=\"https:\/\/www.rcafrance.com\/en\/contacts\/\" \/>\n<meta property=\"og:site_name\" content=\"RCA France\" \/>\n<meta property=\"article:modified_time\" content=\"2020-02-07T10:02:29+00:00\" \/>\n<meta property=\"og:image\" content=\"https:\/\/www.rcafrance.com\/wp-content\/uploads\/2017\/01\/usine.jpg\" \/>\n<meta name=\"twitter:card\" content=\"summary_large_image\" \/>\n<meta name=\"twitter:label1\" content=\"Est. reading time\" \/>\n\t<meta name=\"twitter:data1\" content=\"1 minute\" \/>\n<script type=\"application\/ld+json\" class=\"yoast-schema-graph\">{\"@context\":\"https:\\\/\\\/schema.org\",\"@graph\":[{\"@type\":\"WebPage\",\"@id\":\"https:\\\/\\\/www.rcafrance.com\\\/en\\\/contacts\\\/\",\"url\":\"https:\\\/\\\/www.rcafrance.com\\\/en\\\/contacts\\\/\",\"name\":\"Contact - RCA France\",\"isPartOf\":{\"@id\":\"https:\\\/\\\/www.rcafrance.com\\\/#website\"},\"primaryImageOfPage\":{\"@id\":\"https:\\\/\\\/www.rcafrance.com\\\/en\\\/contacts\\\/#primaryimage\"},\"image\":{\"@id\":\"https:\\\/\\\/www.rcafrance.com\\\/en\\\/contacts\\\/#primaryimage\"},\"thumbnailUrl\":\"https:\\\/\\\/www.rcafrance.com\\\/wp-content\\\/uploads\\\/2017\\\/01\\\/usine.jpg\",\"datePublished\":\"2017-01-04T13:46:09+00:00\",\"dateModified\":\"2020-02-07T10:02:29+00:00\",\"breadcrumb\":{\"@id\":\"https:\\\/\\\/www.rcafrance.com\\\/en\\\/contacts\\\/#breadcrumb\"},\"inLanguage\":\"en-US\",\"potentialAction\":[{\"@type\":\"ReadAction\",\"target\":[\"https:\\\/\\\/www.rcafrance.com\\\/en\\\/contacts\\\/\"]}]},{\"@type\":\"ImageObject\",\"inLanguage\":\"en-US\",\"@id\":\"https:\\\/\\\/www.rcafrance.com\\\/en\\\/contacts\\\/#primaryimage\",\"url\":\"https:\\\/\\\/www.rcafrance.com\\\/wp-content\\\/uploads\\\/2017\\\/01\\\/usine.jpg\",\"contentUrl\":\"https:\\\/\\\/www.rcafrance.com\\\/wp-content\\\/uploads\\\/2017\\\/01\\\/usine.jpg\"},{\"@type\":\"BreadcrumbList\",\"@id\":\"https:\\\/\\\/www.rcafrance.com\\\/en\\\/contacts\\\/#breadcrumb\",\"itemListElement\":[{\"@type\":\"ListItem\",\"position\":1,\"name\":\"Accueil\",\"item\":\"https:\\\/\\\/www.rcafrance.com\\\/en\\\/\"},{\"@type\":\"ListItem\",\"position\":2,\"name\":\"Contact\"}]},{\"@type\":\"WebSite\",\"@id\":\"https:\\\/\\\/www.rcafrance.com\\\/#website\",\"url\":\"https:\\\/\\\/www.rcafrance.com\\\/\",\"name\":\"RCA France\",\"description\":\"grossiste pi\u00e8ce d\u00e9tach\u00e9e auto\",\"potentialAction\":[{\"@type\":\"SearchAction\",\"target\":{\"@type\":\"EntryPoint\",\"urlTemplate\":\"https:\\\/\\\/www.rcafrance.com\\\/?s={search_term_string}\"},\"query-input\":{\"@type\":\"PropertyValueSpecification\",\"valueRequired\":true,\"valueName\":\"search_term_string\"}}],\"inLanguage\":\"en-US\"}]}<\/script>\n<!-- \/ Yoast SEO plugin. -->","yoast_head_json":{"title":"Contact - RCA France","robots":{"index":"index","follow":"follow","max-snippet":"max-snippet:-1","max-image-preview":"max-image-preview:large","max-video-preview":"max-video-preview:-1"},"canonical":"https:\/\/www.rcafrance.com\/en\/contacts\/","og_locale":"en_US","og_type":"article","og_title":"Contact - RCA France","og_description":"RCA France 12 rue Jean Chaptal ZI La Garenne 93605 AULNAY-SOUS-BOIS Cedex FRANCE T\u00e9l : 01 48 66 73 40 Fax : 01 48 68 61 98 rcafrance@rcafrance.com Succursale Nord Resp : Freddy Merlin 123 avenue Jean Jaur\u00e8s 59790 Ronchin FRANCE Tel\/Fax : +33 3 20 52 63 94 Mobile : +33 6 33 63 Learn more","og_url":"https:\/\/www.rcafrance.com\/en\/contacts\/","og_site_name":"RCA France","article_modified_time":"2020-02-07T10:02:29+00:00","og_image":[{"url":"https:\/\/www.rcafrance.com\/wp-content\/uploads\/2017\/01\/usine.jpg","type":"","width":"","height":""}],"twitter_card":"summary_large_image","twitter_misc":{"Est. reading time":"1 minute"},"schema":{"@context":"https:\/\/schema.org","@graph":[{"@type":"WebPage","@id":"https:\/\/www.rcafrance.com\/en\/contacts\/","url":"https:\/\/www.rcafrance.com\/en\/contacts\/","name":"Contact - RCA France","isPartOf":{"@id":"https:\/\/www.rcafrance.com\/#website"},"primaryImageOfPage":{"@id":"https:\/\/www.rcafrance.com\/en\/contacts\/#primaryimage"},"image":{"@id":"https:\/\/www.rcafrance.com\/en\/contacts\/#primaryimage"},"thumbnailUrl":"https:\/\/www.rcafrance.com\/wp-content\/uploads\/2017\/01\/usine.jpg","datePublished":"2017-01-04T13:46:09+00:00","dateModified":"2020-02-07T10:02:29+00:00","breadcrumb":{"@id":"https:\/\/www.rcafrance.com\/en\/contacts\/#breadcrumb"},"inLanguage":"en-US","potentialAction":[{"@type":"ReadAction","target":["https:\/\/www.rcafrance.com\/en\/contacts\/"]}]},{"@type":"ImageObject","inLanguage":"en-US","@id":"https:\/\/www.rcafrance.com\/en\/contacts\/#primaryimage","url":"https:\/\/www.rcafrance.com\/wp-content\/uploads\/2017\/01\/usine.jpg","contentUrl":"https:\/\/www.rcafrance.com\/wp-content\/uploads\/2017\/01\/usine.jpg"},{"@type":"BreadcrumbList","@id":"https:\/\/www.rcafrance.com\/en\/contacts\/#breadcrumb","itemListElement":[{"@type":"ListItem","position":1,"name":"Accueil","item":"https:\/\/www.rcafrance.com\/en\/"},{"@type":"ListItem","position":2,"name":"Contact"}]},{"@type":"WebSite","@id":"https:\/\/www.rcafrance.com\/#website","url":"https:\/\/www.rcafrance.com\/","name":"RCA France","description":"grossiste pi\u00e8ce d\u00e9tach\u00e9e auto","potentialAction":[{"@type":"SearchAction","target":{"@type":"EntryPoint","urlTemplate":"https:\/\/www.rcafrance.com\/?s={search_term_string}"},"query-input":{"@type":"PropertyValueSpecification","valueRequired":true,"valueName":"search_term_string"}}],"inLanguage":"en-US"}]}},"_links":{"self":[{"href":"https:\/\/www.rcafrance.com\/en\/wp-json\/wp\/v2\/pages\/251\/"}],"collection":[{"href":"https:\/\/www.rcafrance.com\/en\/wp-json\/wp\/v2\/pages\/"}],"about":[{"href":"https:\/\/www.rcafrance.com\/en\/wp-json\/wp\/v2\/types\/page\/"}],"author":[{"embeddable":true,"href":"https:\/\/www.rcafrance.com\/en\/wp-json\/wp\/v2\/users\/2\/"}],"replies":[{"embeddable":true,"href":"https:\/\/www.rcafrance.com\/en\/wp-json\/wp\/v2\/comments\/?post=251"}],"version-history":[{"count":5,"href":"https:\/\/www.rcafrance.com\/en\/wp-json\/wp\/v2\/pages\/251\/revisions\/"}],"predecessor-version":[{"id":5812,"href":"https:\/\/www.rcafrance.com\/en\/wp-json\/wp\/v2\/pages\/251\/revisions\/5812\/"}],"wp:attachment":[{"href":"https:\/\/www.rcafrance.com\/en\/wp-json\/wp\/v2\/media\/?parent=251"}],"curies":[{"name":"wp","href":"https:\/\/api.w.org\/{rel}","templated":true}]}}