{"id":254,"date":"2017-01-17T11:21:27","date_gmt":"2017-01-17T10:21:27","guid":{"rendered":"https:\/\/www.rcafrance.com\/en\/joints-homocinetiques-neufs\/"},"modified":"2020-02-07T10:43:20","modified_gmt":"2020-02-07T09:43:20","slug":"new-cv-joints","status":"publish","type":"page","link":"https:\/\/www.rcafrance.com\/en\/produits\/new-cv-joints\/","title":{"rendered":"New CV Joints"},"content":{"rendered":"<p>Our depth of range is unrivaled in France, with more than 400 references in stock, brand new products, ISO certified and sold with a 2 year warranty.<\/p>\n<p>We cover 99% of the European market.<\/p>\n<div style=\"text-align: center;\">\n<p style=\"text-align: center;\"><img fetchpriority=\"high\" decoding=\"async\" class=\"alignnone wp-image-163 size-full\" src=\"https:\/\/www.rcafrance.com\/wp-content\/uploads\/2017\/01\/produits-joints-01.jpg\" alt=\"Joints homocin\u00e9tiques neufs - rca\" width=\"354\" height=\"212\" srcset=\"https:\/\/www.rcafrance.com\/wp-content\/uploads\/2017\/01\/produits-joints-01.jpg 354w, https:\/\/www.rcafrance.com\/wp-content\/uploads\/2017\/01\/produits-joints-01-300x180.jpg 300w\" sizes=\"(max-width: 354px) 100vw, 354px\" \/> &nbsp; &nbsp; &nbsp; &nbsp;&nbsp;<img decoding=\"async\" class=\"alignnone wp-image-162 size-full\" src=\"https:\/\/www.rcafrance.com\/wp-content\/uploads\/2017\/01\/joints-homocinetiques-02.jpg\" alt=\"Joints homocin\u00e9tiques neufs - rca\" width=\"400\" height=\"277\" srcset=\"https:\/\/www.rcafrance.com\/wp-content\/uploads\/2017\/01\/joints-homocinetiques-02.jpg 400w, https:\/\/www.rcafrance.com\/wp-content\/uploads\/2017\/01\/joints-homocinetiques-02-300x208.jpg 300w\" sizes=\"(max-width: 400px) 100vw, 400px\" \/><\/p>\n<\/div>\n<p>Our CV joints are all ISO certified and are equipped with a precise marking allows us to keep track of all our deliveries.<\/p>\n<p>A stock is therefore at your disposal on Aulnay and Ronchin to provide for almost immediate shipping.<\/p>\n<p>Our range is constantly evolving and is growing every quarter.<\/p>\n<p style=\"text-align: center;\"><a class=\"bouton\" title=\"Consult the catalog\" href=\"http:\/\/rca.passreel.com\/?en=true\" target=\"_blank\" rel=\"noopener noreferrer\">Consult the catalog<\/a><\/p>\n","protected":false},"excerpt":{"rendered":"<p>Our depth of range is unrivaled in France, with more than 400 references in stock, brand new products, ISO certified and sold with a 2 year warranty. We cover 99% of the European market. &nbsp; &nbsp; &nbsp; &nbsp;&nbsp; Our CV joints are all ISO certified and are equipped with a precise marking allows us to<br \/><a class=\"moretag\" href=\"https:\/\/www.rcafrance.com\/en\/produits\/new-cv-joints\/\" title=\"Learn more aboutNew CV Joints\"> <i class=\"fa fa-chevron-right\"><\/i> Learn more<\/a><\/p>\n","protected":false},"author":2,"featured_media":0,"parent":258,"menu_order":0,"comment_status":"closed","ping_status":"closed","template":"","meta":{"ngg_post_thumbnail":0,"footnotes":""},"class_list":["post-254","page","type-page","status-publish","hentry"],"yoast_head":"<!-- This site is optimized with the Yoast SEO plugin v27.5 - https:\/\/yoast.com\/product\/yoast-seo-wordpress\/ -->\n<title>New CV Joints - RCA<\/title>\n<meta name=\"description\" content=\"More than 400 references of new constant velocity joints in stock, completely new products, ISO certified and sold with a 2-year warranty.\" \/>\n<meta name=\"robots\" content=\"index, follow, max-snippet:-1, max-image-preview:large, max-video-preview:-1\" \/>\n<link rel=\"canonical\" href=\"https:\/\/www.rcafrance.com\/en\/produits\/new-cv-joints\/\" \/>\n<meta property=\"og:locale\" content=\"en_US\" \/>\n<meta property=\"og:type\" content=\"article\" \/>\n<meta property=\"og:title\" content=\"New CV Joints - RCA\" \/>\n<meta property=\"og:description\" content=\"More than 400 references of new constant velocity joints in stock, completely new products, ISO certified and sold with a 2-year warranty.\" \/>\n<meta property=\"og:url\" content=\"https:\/\/www.rcafrance.com\/en\/produits\/new-cv-joints\/\" \/>\n<meta property=\"og:site_name\" content=\"RCA France\" \/>\n<meta property=\"article:modified_time\" content=\"2020-02-07T09:43:20+00:00\" \/>\n<meta property=\"og:image\" content=\"https:\/\/www.rcafrance.com\/wp-content\/uploads\/2017\/01\/produits-joints-01.jpg\" \/>\n<meta name=\"twitter:card\" content=\"summary_large_image\" \/>\n<script type=\"application\/ld+json\" class=\"yoast-schema-graph\">{\"@context\":\"https:\\\/\\\/schema.org\",\"@graph\":[{\"@type\":\"WebPage\",\"@id\":\"https:\\\/\\\/www.rcafrance.com\\\/en\\\/produits\\\/new-cv-joints\\\/\",\"url\":\"https:\\\/\\\/www.rcafrance.com\\\/en\\\/produits\\\/new-cv-joints\\\/\",\"name\":\"New CV Joints - RCA\",\"isPartOf\":{\"@id\":\"https:\\\/\\\/www.rcafrance.com\\\/#website\"},\"primaryImageOfPage\":{\"@id\":\"https:\\\/\\\/www.rcafrance.com\\\/en\\\/produits\\\/new-cv-joints\\\/#primaryimage\"},\"image\":{\"@id\":\"https:\\\/\\\/www.rcafrance.com\\\/en\\\/produits\\\/new-cv-joints\\\/#primaryimage\"},\"thumbnailUrl\":\"https:\\\/\\\/www.rcafrance.com\\\/wp-content\\\/uploads\\\/2017\\\/01\\\/produits-joints-01.jpg\",\"datePublished\":\"2017-01-17T10:21:27+00:00\",\"dateModified\":\"2020-02-07T09:43:20+00:00\",\"description\":\"More than 400 references of new constant velocity joints in stock, completely new products, ISO certified and sold with a 2-year warranty.\",\"breadcrumb\":{\"@id\":\"https:\\\/\\\/www.rcafrance.com\\\/en\\\/produits\\\/new-cv-joints\\\/#breadcrumb\"},\"inLanguage\":\"en-US\",\"potentialAction\":[{\"@type\":\"ReadAction\",\"target\":[\"https:\\\/\\\/www.rcafrance.com\\\/en\\\/produits\\\/new-cv-joints\\\/\"]}]},{\"@type\":\"ImageObject\",\"inLanguage\":\"en-US\",\"@id\":\"https:\\\/\\\/www.rcafrance.com\\\/en\\\/produits\\\/new-cv-joints\\\/#primaryimage\",\"url\":\"https:\\\/\\\/www.rcafrance.com\\\/wp-content\\\/uploads\\\/2017\\\/01\\\/produits-joints-01.jpg\",\"contentUrl\":\"https:\\\/\\\/www.rcafrance.com\\\/wp-content\\\/uploads\\\/2017\\\/01\\\/produits-joints-01.jpg\"},{\"@type\":\"BreadcrumbList\",\"@id\":\"https:\\\/\\\/www.rcafrance.com\\\/en\\\/produits\\\/new-cv-joints\\\/#breadcrumb\",\"itemListElement\":[{\"@type\":\"ListItem\",\"position\":1,\"name\":\"Accueil\",\"item\":\"https:\\\/\\\/www.rcafrance.com\\\/en\\\/\"},{\"@type\":\"ListItem\",\"position\":2,\"name\":\"Products\",\"item\":\"https:\\\/\\\/www.rcafrance.com\\\/en\\\/produits\\\/\"},{\"@type\":\"ListItem\",\"position\":3,\"name\":\"New CV Joints\"}]},{\"@type\":\"WebSite\",\"@id\":\"https:\\\/\\\/www.rcafrance.com\\\/#website\",\"url\":\"https:\\\/\\\/www.rcafrance.com\\\/\",\"name\":\"RCA France\",\"description\":\"grossiste pi\u00e8ce d\u00e9tach\u00e9e auto\",\"potentialAction\":[{\"@type\":\"SearchAction\",\"target\":{\"@type\":\"EntryPoint\",\"urlTemplate\":\"https:\\\/\\\/www.rcafrance.com\\\/?s={search_term_string}\"},\"query-input\":{\"@type\":\"PropertyValueSpecification\",\"valueRequired\":true,\"valueName\":\"search_term_string\"}}],\"inLanguage\":\"en-US\"}]}<\/script>\n<!-- \/ Yoast SEO plugin. -->","yoast_head_json":{"title":"New CV Joints - RCA","description":"More than 400 references of new constant velocity joints in stock, completely new products, ISO certified and sold with a 2-year warranty.","robots":{"index":"index","follow":"follow","max-snippet":"max-snippet:-1","max-image-preview":"max-image-preview:large","max-video-preview":"max-video-preview:-1"},"canonical":"https:\/\/www.rcafrance.com\/en\/produits\/new-cv-joints\/","og_locale":"en_US","og_type":"article","og_title":"New CV Joints - RCA","og_description":"More than 400 references of new constant velocity joints in stock, completely new products, ISO certified and sold with a 2-year warranty.","og_url":"https:\/\/www.rcafrance.com\/en\/produits\/new-cv-joints\/","og_site_name":"RCA France","article_modified_time":"2020-02-07T09:43:20+00:00","og_image":[{"url":"https:\/\/www.rcafrance.com\/wp-content\/uploads\/2017\/01\/produits-joints-01.jpg","type":"","width":"","height":""}],"twitter_card":"summary_large_image","schema":{"@context":"https:\/\/schema.org","@graph":[{"@type":"WebPage","@id":"https:\/\/www.rcafrance.com\/en\/produits\/new-cv-joints\/","url":"https:\/\/www.rcafrance.com\/en\/produits\/new-cv-joints\/","name":"New CV Joints - RCA","isPartOf":{"@id":"https:\/\/www.rcafrance.com\/#website"},"primaryImageOfPage":{"@id":"https:\/\/www.rcafrance.com\/en\/produits\/new-cv-joints\/#primaryimage"},"image":{"@id":"https:\/\/www.rcafrance.com\/en\/produits\/new-cv-joints\/#primaryimage"},"thumbnailUrl":"https:\/\/www.rcafrance.com\/wp-content\/uploads\/2017\/01\/produits-joints-01.jpg","datePublished":"2017-01-17T10:21:27+00:00","dateModified":"2020-02-07T09:43:20+00:00","description":"More than 400 references of new constant velocity joints in stock, completely new products, ISO certified and sold with a 2-year warranty.","breadcrumb":{"@id":"https:\/\/www.rcafrance.com\/en\/produits\/new-cv-joints\/#breadcrumb"},"inLanguage":"en-US","potentialAction":[{"@type":"ReadAction","target":["https:\/\/www.rcafrance.com\/en\/produits\/new-cv-joints\/"]}]},{"@type":"ImageObject","inLanguage":"en-US","@id":"https:\/\/www.rcafrance.com\/en\/produits\/new-cv-joints\/#primaryimage","url":"https:\/\/www.rcafrance.com\/wp-content\/uploads\/2017\/01\/produits-joints-01.jpg","contentUrl":"https:\/\/www.rcafrance.com\/wp-content\/uploads\/2017\/01\/produits-joints-01.jpg"},{"@type":"BreadcrumbList","@id":"https:\/\/www.rcafrance.com\/en\/produits\/new-cv-joints\/#breadcrumb","itemListElement":[{"@type":"ListItem","position":1,"name":"Accueil","item":"https:\/\/www.rcafrance.com\/en\/"},{"@type":"ListItem","position":2,"name":"Products","item":"https:\/\/www.rcafrance.com\/en\/produits\/"},{"@type":"ListItem","position":3,"name":"New CV Joints"}]},{"@type":"WebSite","@id":"https:\/\/www.rcafrance.com\/#website","url":"https:\/\/www.rcafrance.com\/","name":"RCA France","description":"grossiste pi\u00e8ce d\u00e9tach\u00e9e auto","potentialAction":[{"@type":"SearchAction","target":{"@type":"EntryPoint","urlTemplate":"https:\/\/www.rcafrance.com\/?s={search_term_string}"},"query-input":{"@type":"PropertyValueSpecification","valueRequired":true,"valueName":"search_term_string"}}],"inLanguage":"en-US"}]}},"_links":{"self":[{"href":"https:\/\/www.rcafrance.com\/en\/wp-json\/wp\/v2\/pages\/254\/"}],"collection":[{"href":"https:\/\/www.rcafrance.com\/en\/wp-json\/wp\/v2\/pages\/"}],"about":[{"href":"https:\/\/www.rcafrance.com\/en\/wp-json\/wp\/v2\/types\/page\/"}],"author":[{"embeddable":true,"href":"https:\/\/www.rcafrance.com\/en\/wp-json\/wp\/v2\/users\/2\/"}],"replies":[{"embeddable":true,"href":"https:\/\/www.rcafrance.com\/en\/wp-json\/wp\/v2\/comments\/?post=254"}],"version-history":[{"count":4,"href":"https:\/\/www.rcafrance.com\/en\/wp-json\/wp\/v2\/pages\/254\/revisions\/"}],"predecessor-version":[{"id":5808,"href":"https:\/\/www.rcafrance.com\/en\/wp-json\/wp\/v2\/pages\/254\/revisions\/5808\/"}],"up":[{"embeddable":true,"href":"https:\/\/www.rcafrance.com\/en\/wp-json\/wp\/v2\/pages\/258\/"}],"wp:attachment":[{"href":"https:\/\/www.rcafrance.com\/en\/wp-json\/wp\/v2\/media\/?parent=254"}],"curies":[{"name":"wp","href":"https:\/\/api.w.org\/{rel}","templated":true}]}}