{"id":261,"date":"2017-01-17T11:00:16","date_gmt":"2017-01-17T10:00:16","guid":{"rendered":"https:\/\/www.rcafrance.com\/en\/produits\/kits-de-roulements\/"},"modified":"2020-02-07T10:42:43","modified_gmt":"2020-02-07T09:42:43","slug":"bearings-kits","status":"publish","type":"page","link":"https:\/\/www.rcafrance.com\/en\/produits\/bearings-kits\/","title":{"rendered":"Bearings kits"},"content":{"rendered":"<p>We carry a focused range of bearings kits to cover European bestsellers and maintain incredibly competitive pricing.<\/p>\n<div style=\"text-align: center;\"><img fetchpriority=\"high\" decoding=\"async\" class=\"alignnone wp-image-145 size-full\" src=\"https:\/\/www.rcafrance.com\/wp-content\/uploads\/2017\/01\/roulements-01.jpg\" alt=\"Kits de roulements - rca\" width=\"225\" height=\"240\"> &nbsp; &nbsp; &nbsp; &nbsp;&nbsp;<img decoding=\"async\" class=\"alignnone wp-image-146 size-full\" src=\"https:\/\/www.rcafrance.com\/wp-content\/uploads\/2017\/01\/roulements-02.jpg\" alt=\"Kits de roulements - rca\" width=\"250\" height=\"250\" srcset=\"https:\/\/www.rcafrance.com\/wp-content\/uploads\/2017\/01\/roulements-02.jpg 250w, https:\/\/www.rcafrance.com\/wp-content\/uploads\/2017\/01\/roulements-02-150x150.jpg 150w\" sizes=\"(max-width: 250px) 100vw, 250px\" \/>&nbsp; &nbsp; &nbsp; &nbsp; &nbsp;&nbsp;<img decoding=\"async\" class=\"alignnone wp-image-144 size-full\" src=\"https:\/\/www.rcafrance.com\/wp-content\/uploads\/2017\/01\/roulement-03.jpg\" alt=\"Kits de roulements - rca\" width=\"250\" height=\"250\" srcset=\"https:\/\/www.rcafrance.com\/wp-content\/uploads\/2017\/01\/roulement-03.jpg 250w, https:\/\/www.rcafrance.com\/wp-content\/uploads\/2017\/01\/roulement-03-150x150.jpg 150w\" sizes=\"(max-width: 250px) 100vw, 250px\" \/><\/div>\n<p>Our goal is to provide a range of products which complement our driveshafts to simplify your purchases.<\/p>\n<p>Our bearings come from factories supplying the biggest names in the business, ensuring their quality.<\/p>\n<p>We guarantee our bearings for 24 months.<\/p>\n<p style=\"text-align: center;\"><a class=\"bouton\" title=\"Download catalog\" href=\"\/wp-content\/uploads\/2017\/01\/catalogue-kits-roulements.pdf\" target=\"_blank\" rel=\"noopener noreferrer\">Download catalog<\/a><\/p>\n","protected":false},"excerpt":{"rendered":"<p>We carry a focused range of bearings kits to cover European bestsellers and maintain incredibly competitive pricing. &nbsp; &nbsp; &nbsp; &nbsp;&nbsp;&nbsp; &nbsp; &nbsp; &nbsp; &nbsp;&nbsp; Our goal is to provide a range of products which complement our driveshafts to simplify your purchases. Our bearings come from factories supplying the biggest names in the business, ensuring<br \/><a class=\"moretag\" href=\"https:\/\/www.rcafrance.com\/en\/produits\/bearings-kits\/\" title=\"Learn more aboutBearings kits\"> <i class=\"fa fa-chevron-right\"><\/i> Learn more<\/a><\/p>\n","protected":false},"author":2,"featured_media":0,"parent":258,"menu_order":0,"comment_status":"closed","ping_status":"closed","template":"","meta":{"ngg_post_thumbnail":0,"footnotes":""},"class_list":["post-261","page","type-page","status-publish","hentry"],"yoast_head":"<!-- This site is optimized with the Yoast SEO plugin v27.5 - https:\/\/yoast.com\/product\/yoast-seo-wordpress\/ -->\n<title>Bearing kits - RCA<\/title>\n<meta name=\"description\" content=\"Our bearings come from factories supplying the biggest names in this sector, thus guaranteeing their quality. Bearings guaranteed for 24 months.\" \/>\n<meta name=\"robots\" content=\"index, follow, max-snippet:-1, max-image-preview:large, max-video-preview:-1\" \/>\n<link rel=\"canonical\" href=\"https:\/\/www.rcafrance.com\/en\/produits\/bearings-kits\/\" \/>\n<meta property=\"og:locale\" content=\"en_US\" \/>\n<meta property=\"og:type\" content=\"article\" \/>\n<meta property=\"og:title\" content=\"Bearing kits - RCA\" \/>\n<meta property=\"og:description\" content=\"Our bearings come from factories supplying the biggest names in this sector, thus guaranteeing their quality. Bearings guaranteed for 24 months.\" \/>\n<meta property=\"og:url\" content=\"https:\/\/www.rcafrance.com\/en\/produits\/bearings-kits\/\" \/>\n<meta property=\"og:site_name\" content=\"RCA France\" \/>\n<meta property=\"article:modified_time\" content=\"2020-02-07T09:42:43+00:00\" \/>\n<meta property=\"og:image\" content=\"https:\/\/www.rcafrance.com\/wp-content\/uploads\/2017\/01\/roulements-01.jpg\" \/>\n<meta name=\"twitter:card\" content=\"summary_large_image\" \/>\n<script type=\"application\/ld+json\" class=\"yoast-schema-graph\">{\"@context\":\"https:\\\/\\\/schema.org\",\"@graph\":[{\"@type\":\"WebPage\",\"@id\":\"https:\\\/\\\/www.rcafrance.com\\\/en\\\/produits\\\/bearings-kits\\\/\",\"url\":\"https:\\\/\\\/www.rcafrance.com\\\/en\\\/produits\\\/bearings-kits\\\/\",\"name\":\"Bearing kits - RCA\",\"isPartOf\":{\"@id\":\"https:\\\/\\\/www.rcafrance.com\\\/#website\"},\"primaryImageOfPage\":{\"@id\":\"https:\\\/\\\/www.rcafrance.com\\\/en\\\/produits\\\/bearings-kits\\\/#primaryimage\"},\"image\":{\"@id\":\"https:\\\/\\\/www.rcafrance.com\\\/en\\\/produits\\\/bearings-kits\\\/#primaryimage\"},\"thumbnailUrl\":\"https:\\\/\\\/www.rcafrance.com\\\/wp-content\\\/uploads\\\/2017\\\/01\\\/roulements-01.jpg\",\"datePublished\":\"2017-01-17T10:00:16+00:00\",\"dateModified\":\"2020-02-07T09:42:43+00:00\",\"description\":\"Our bearings come from factories supplying the biggest names in this sector, thus guaranteeing their quality. Bearings guaranteed for 24 months.\",\"breadcrumb\":{\"@id\":\"https:\\\/\\\/www.rcafrance.com\\\/en\\\/produits\\\/bearings-kits\\\/#breadcrumb\"},\"inLanguage\":\"en-US\",\"potentialAction\":[{\"@type\":\"ReadAction\",\"target\":[\"https:\\\/\\\/www.rcafrance.com\\\/en\\\/produits\\\/bearings-kits\\\/\"]}]},{\"@type\":\"ImageObject\",\"inLanguage\":\"en-US\",\"@id\":\"https:\\\/\\\/www.rcafrance.com\\\/en\\\/produits\\\/bearings-kits\\\/#primaryimage\",\"url\":\"https:\\\/\\\/www.rcafrance.com\\\/wp-content\\\/uploads\\\/2017\\\/01\\\/roulements-01.jpg\",\"contentUrl\":\"https:\\\/\\\/www.rcafrance.com\\\/wp-content\\\/uploads\\\/2017\\\/01\\\/roulements-01.jpg\"},{\"@type\":\"BreadcrumbList\",\"@id\":\"https:\\\/\\\/www.rcafrance.com\\\/en\\\/produits\\\/bearings-kits\\\/#breadcrumb\",\"itemListElement\":[{\"@type\":\"ListItem\",\"position\":1,\"name\":\"Accueil\",\"item\":\"https:\\\/\\\/www.rcafrance.com\\\/en\\\/\"},{\"@type\":\"ListItem\",\"position\":2,\"name\":\"Products\",\"item\":\"https:\\\/\\\/www.rcafrance.com\\\/en\\\/produits\\\/\"},{\"@type\":\"ListItem\",\"position\":3,\"name\":\"Bearings kits\"}]},{\"@type\":\"WebSite\",\"@id\":\"https:\\\/\\\/www.rcafrance.com\\\/#website\",\"url\":\"https:\\\/\\\/www.rcafrance.com\\\/\",\"name\":\"RCA France\",\"description\":\"grossiste pi\u00e8ce d\u00e9tach\u00e9e auto\",\"potentialAction\":[{\"@type\":\"SearchAction\",\"target\":{\"@type\":\"EntryPoint\",\"urlTemplate\":\"https:\\\/\\\/www.rcafrance.com\\\/?s={search_term_string}\"},\"query-input\":{\"@type\":\"PropertyValueSpecification\",\"valueRequired\":true,\"valueName\":\"search_term_string\"}}],\"inLanguage\":\"en-US\"}]}<\/script>\n<!-- \/ Yoast SEO plugin. -->","yoast_head_json":{"title":"Bearing kits - RCA","description":"Our bearings come from factories supplying the biggest names in this sector, thus guaranteeing their quality. Bearings guaranteed for 24 months.","robots":{"index":"index","follow":"follow","max-snippet":"max-snippet:-1","max-image-preview":"max-image-preview:large","max-video-preview":"max-video-preview:-1"},"canonical":"https:\/\/www.rcafrance.com\/en\/produits\/bearings-kits\/","og_locale":"en_US","og_type":"article","og_title":"Bearing kits - RCA","og_description":"Our bearings come from factories supplying the biggest names in this sector, thus guaranteeing their quality. Bearings guaranteed for 24 months.","og_url":"https:\/\/www.rcafrance.com\/en\/produits\/bearings-kits\/","og_site_name":"RCA France","article_modified_time":"2020-02-07T09:42:43+00:00","og_image":[{"url":"https:\/\/www.rcafrance.com\/wp-content\/uploads\/2017\/01\/roulements-01.jpg","type":"","width":"","height":""}],"twitter_card":"summary_large_image","schema":{"@context":"https:\/\/schema.org","@graph":[{"@type":"WebPage","@id":"https:\/\/www.rcafrance.com\/en\/produits\/bearings-kits\/","url":"https:\/\/www.rcafrance.com\/en\/produits\/bearings-kits\/","name":"Bearing kits - RCA","isPartOf":{"@id":"https:\/\/www.rcafrance.com\/#website"},"primaryImageOfPage":{"@id":"https:\/\/www.rcafrance.com\/en\/produits\/bearings-kits\/#primaryimage"},"image":{"@id":"https:\/\/www.rcafrance.com\/en\/produits\/bearings-kits\/#primaryimage"},"thumbnailUrl":"https:\/\/www.rcafrance.com\/wp-content\/uploads\/2017\/01\/roulements-01.jpg","datePublished":"2017-01-17T10:00:16+00:00","dateModified":"2020-02-07T09:42:43+00:00","description":"Our bearings come from factories supplying the biggest names in this sector, thus guaranteeing their quality. Bearings guaranteed for 24 months.","breadcrumb":{"@id":"https:\/\/www.rcafrance.com\/en\/produits\/bearings-kits\/#breadcrumb"},"inLanguage":"en-US","potentialAction":[{"@type":"ReadAction","target":["https:\/\/www.rcafrance.com\/en\/produits\/bearings-kits\/"]}]},{"@type":"ImageObject","inLanguage":"en-US","@id":"https:\/\/www.rcafrance.com\/en\/produits\/bearings-kits\/#primaryimage","url":"https:\/\/www.rcafrance.com\/wp-content\/uploads\/2017\/01\/roulements-01.jpg","contentUrl":"https:\/\/www.rcafrance.com\/wp-content\/uploads\/2017\/01\/roulements-01.jpg"},{"@type":"BreadcrumbList","@id":"https:\/\/www.rcafrance.com\/en\/produits\/bearings-kits\/#breadcrumb","itemListElement":[{"@type":"ListItem","position":1,"name":"Accueil","item":"https:\/\/www.rcafrance.com\/en\/"},{"@type":"ListItem","position":2,"name":"Products","item":"https:\/\/www.rcafrance.com\/en\/produits\/"},{"@type":"ListItem","position":3,"name":"Bearings kits"}]},{"@type":"WebSite","@id":"https:\/\/www.rcafrance.com\/#website","url":"https:\/\/www.rcafrance.com\/","name":"RCA France","description":"grossiste pi\u00e8ce d\u00e9tach\u00e9e auto","potentialAction":[{"@type":"SearchAction","target":{"@type":"EntryPoint","urlTemplate":"https:\/\/www.rcafrance.com\/?s={search_term_string}"},"query-input":{"@type":"PropertyValueSpecification","valueRequired":true,"valueName":"search_term_string"}}],"inLanguage":"en-US"}]}},"_links":{"self":[{"href":"https:\/\/www.rcafrance.com\/en\/wp-json\/wp\/v2\/pages\/261\/"}],"collection":[{"href":"https:\/\/www.rcafrance.com\/en\/wp-json\/wp\/v2\/pages\/"}],"about":[{"href":"https:\/\/www.rcafrance.com\/en\/wp-json\/wp\/v2\/types\/page\/"}],"author":[{"embeddable":true,"href":"https:\/\/www.rcafrance.com\/en\/wp-json\/wp\/v2\/users\/2\/"}],"replies":[{"embeddable":true,"href":"https:\/\/www.rcafrance.com\/en\/wp-json\/wp\/v2\/comments\/?post=261"}],"version-history":[{"count":3,"href":"https:\/\/www.rcafrance.com\/en\/wp-json\/wp\/v2\/pages\/261\/revisions\/"}],"predecessor-version":[{"id":5807,"href":"https:\/\/www.rcafrance.com\/en\/wp-json\/wp\/v2\/pages\/261\/revisions\/5807\/"}],"up":[{"embeddable":true,"href":"https:\/\/www.rcafrance.com\/en\/wp-json\/wp\/v2\/pages\/258\/"}],"wp:attachment":[{"href":"https:\/\/www.rcafrance.com\/en\/wp-json\/wp\/v2\/media\/?parent=261"}],"curies":[{"name":"wp","href":"https:\/\/api.w.org\/{rel}","templated":true}]}}