{"id":265,"date":"2017-01-17T10:47:38","date_gmt":"2017-01-17T09:47:38","guid":{"rendered":"https:\/\/www.rcafrance.com\/en\/produits\/spheres-de-suspension-neuves\/"},"modified":"2020-02-07T10:46:49","modified_gmt":"2020-02-07T09:46:49","slug":"new-suspension-spheres","status":"publish","type":"page","link":"https:\/\/www.rcafrance.com\/en\/produits\/new-suspension-spheres\/","title":{"rendered":"New suspension spheres"},"content":{"rendered":"<p>Launched in 1990, our program of new suspension spheres has seen its business grow exponentially, and has become a core product in our offerings.<\/p>\n<p>A large number of wholesalers and auto centers have referenced our new suspension spheres due to their reliability and competitive pricing. Thus, our suspension spheres have become the key solution to replacing the original part.<\/p>\n<div style=\"text-align: center;\">\n<p><img fetchpriority=\"high\" decoding=\"async\" class=\"alignnone wp-image-134 size-full\" src=\"https:\/\/www.rcafrance.com\/wp-content\/uploads\/2017\/01\/produits-spheres-01.jpg\" alt=\"Sph\u00e8res de suspension neuves - rca\" width=\"354\" height=\"212\" srcset=\"https:\/\/www.rcafrance.com\/wp-content\/uploads\/2017\/01\/produits-spheres-01.jpg 354w, https:\/\/www.rcafrance.com\/wp-content\/uploads\/2017\/01\/produits-spheres-01-300x180.jpg 300w\" sizes=\"(max-width: 354px) 100vw, 354px\" \/> &nbsp; &nbsp; &nbsp; &nbsp;&nbsp;<img decoding=\"async\" class=\"alignnone wp-image-135 size-full\" src=\"https:\/\/www.rcafrance.com\/wp-content\/uploads\/2017\/01\/spheres-suspension-02.jpg\" alt=\"Sph\u00e8res de suspension neuves - rca\" width=\"250\" height=\"214\">&nbsp; &nbsp; &nbsp; &nbsp; &nbsp;&nbsp;<img decoding=\"async\" class=\"alignnone wp-image-136 size-full\" src=\"https:\/\/www.rcafrance.com\/wp-content\/uploads\/2017\/01\/spheres-suspension-03.jpg\" alt=\"Sph\u00e8res de suspension neuves - rca\" width=\"250\" height=\"214\"><\/p>\n<\/div>\n<p>Finally, with a 2 year warranty and pricing options to suit your needs, it is now your turn to make your sales expand.<\/p>\n<p>To facilitate your work and help you in choosing the necessary parts, we include in our catalogue a grid of letters with the OEM cross-references.<\/p>\n<p style=\"text-align: center;\"><a class=\"bouton\" title=\"Consult the catalog\" href=\"http:\/\/rca.passreel.com\/?en=true\" target=\"_blank\" rel=\"noopener noreferrer\">Consult the catalog<\/a><\/p>\n","protected":false},"excerpt":{"rendered":"<p>Launched in 1990, our program of new suspension spheres has seen its business grow exponentially, and has become a core product in our offerings. A large number of wholesalers and auto centers have referenced our new suspension spheres due to their reliability and competitive pricing. Thus, our suspension spheres have become the key solution to<br \/><a class=\"moretag\" href=\"https:\/\/www.rcafrance.com\/en\/produits\/new-suspension-spheres\/\" title=\"Learn more aboutNew suspension spheres\"> <i class=\"fa fa-chevron-right\"><\/i> Learn more<\/a><\/p>\n","protected":false},"author":2,"featured_media":0,"parent":258,"menu_order":0,"comment_status":"closed","ping_status":"closed","template":"","meta":{"ngg_post_thumbnail":0,"footnotes":""},"class_list":["post-265","page","type-page","status-publish","hentry"],"yoast_head":"<!-- This site is optimized with the Yoast SEO plugin v27.4 - https:\/\/yoast.com\/product\/yoast-seo-wordpress\/ -->\n<title>New suspension spheres - RCA<\/title>\n<meta name=\"description\" content=\"De nombreux grossistes et de centres auto de renom ont r\u00e9f\u00e9renc\u00e9 nos sph\u00e8res de suspension gr\u00e2ce \u00e0 sa fiabilit\u00e9 et sa comp\u00e9titivit\u00e9.\" \/>\n<meta name=\"robots\" content=\"index, follow, max-snippet:-1, max-image-preview:large, max-video-preview:-1\" \/>\n<link rel=\"canonical\" href=\"https:\/\/www.rcafrance.com\/en\/produits\/new-suspension-spheres\/\" \/>\n<meta property=\"og:locale\" content=\"en_US\" \/>\n<meta property=\"og:type\" content=\"article\" \/>\n<meta property=\"og:title\" content=\"New suspension spheres - RCA\" \/>\n<meta property=\"og:description\" content=\"De nombreux grossistes et de centres auto de renom ont r\u00e9f\u00e9renc\u00e9 nos sph\u00e8res de suspension gr\u00e2ce \u00e0 sa fiabilit\u00e9 et sa comp\u00e9titivit\u00e9.\" \/>\n<meta property=\"og:url\" content=\"https:\/\/www.rcafrance.com\/en\/produits\/new-suspension-spheres\/\" \/>\n<meta property=\"og:site_name\" content=\"RCA France\" \/>\n<meta property=\"article:modified_time\" content=\"2020-02-07T09:46:49+00:00\" \/>\n<meta property=\"og:image\" content=\"https:\/\/www.rcafrance.com\/wp-content\/uploads\/2017\/01\/produits-spheres-01.jpg\" \/>\n<meta name=\"twitter:card\" content=\"summary_large_image\" \/>\n<meta name=\"twitter:label1\" content=\"Est. reading time\" \/>\n\t<meta name=\"twitter:data1\" content=\"1 minute\" \/>\n<script type=\"application\/ld+json\" class=\"yoast-schema-graph\">{\"@context\":\"https:\\\/\\\/schema.org\",\"@graph\":[{\"@type\":\"WebPage\",\"@id\":\"https:\\\/\\\/www.rcafrance.com\\\/en\\\/produits\\\/new-suspension-spheres\\\/\",\"url\":\"https:\\\/\\\/www.rcafrance.com\\\/en\\\/produits\\\/new-suspension-spheres\\\/\",\"name\":\"New suspension spheres - RCA\",\"isPartOf\":{\"@id\":\"https:\\\/\\\/www.rcafrance.com\\\/#website\"},\"primaryImageOfPage\":{\"@id\":\"https:\\\/\\\/www.rcafrance.com\\\/en\\\/produits\\\/new-suspension-spheres\\\/#primaryimage\"},\"image\":{\"@id\":\"https:\\\/\\\/www.rcafrance.com\\\/en\\\/produits\\\/new-suspension-spheres\\\/#primaryimage\"},\"thumbnailUrl\":\"https:\\\/\\\/www.rcafrance.com\\\/wp-content\\\/uploads\\\/2017\\\/01\\\/produits-spheres-01.jpg\",\"datePublished\":\"2017-01-17T09:47:38+00:00\",\"dateModified\":\"2020-02-07T09:46:49+00:00\",\"description\":\"De nombreux grossistes et de centres auto de renom ont r\u00e9f\u00e9renc\u00e9 nos sph\u00e8res de suspension gr\u00e2ce \u00e0 sa fiabilit\u00e9 et sa comp\u00e9titivit\u00e9.\",\"breadcrumb\":{\"@id\":\"https:\\\/\\\/www.rcafrance.com\\\/en\\\/produits\\\/new-suspension-spheres\\\/#breadcrumb\"},\"inLanguage\":\"en-US\",\"potentialAction\":[{\"@type\":\"ReadAction\",\"target\":[\"https:\\\/\\\/www.rcafrance.com\\\/en\\\/produits\\\/new-suspension-spheres\\\/\"]}]},{\"@type\":\"ImageObject\",\"inLanguage\":\"en-US\",\"@id\":\"https:\\\/\\\/www.rcafrance.com\\\/en\\\/produits\\\/new-suspension-spheres\\\/#primaryimage\",\"url\":\"https:\\\/\\\/www.rcafrance.com\\\/wp-content\\\/uploads\\\/2017\\\/01\\\/produits-spheres-01.jpg\",\"contentUrl\":\"https:\\\/\\\/www.rcafrance.com\\\/wp-content\\\/uploads\\\/2017\\\/01\\\/produits-spheres-01.jpg\"},{\"@type\":\"BreadcrumbList\",\"@id\":\"https:\\\/\\\/www.rcafrance.com\\\/en\\\/produits\\\/new-suspension-spheres\\\/#breadcrumb\",\"itemListElement\":[{\"@type\":\"ListItem\",\"position\":1,\"name\":\"Accueil\",\"item\":\"https:\\\/\\\/www.rcafrance.com\\\/en\\\/\"},{\"@type\":\"ListItem\",\"position\":2,\"name\":\"Products\",\"item\":\"https:\\\/\\\/www.rcafrance.com\\\/en\\\/produits\\\/\"},{\"@type\":\"ListItem\",\"position\":3,\"name\":\"New suspension spheres\"}]},{\"@type\":\"WebSite\",\"@id\":\"https:\\\/\\\/www.rcafrance.com\\\/#website\",\"url\":\"https:\\\/\\\/www.rcafrance.com\\\/\",\"name\":\"RCA France\",\"description\":\"grossiste pi\u00e8ce d\u00e9tach\u00e9e auto\",\"potentialAction\":[{\"@type\":\"SearchAction\",\"target\":{\"@type\":\"EntryPoint\",\"urlTemplate\":\"https:\\\/\\\/www.rcafrance.com\\\/?s={search_term_string}\"},\"query-input\":{\"@type\":\"PropertyValueSpecification\",\"valueRequired\":true,\"valueName\":\"search_term_string\"}}],\"inLanguage\":\"en-US\"}]}<\/script>\n<!-- \/ Yoast SEO plugin. -->","yoast_head_json":{"title":"New suspension spheres - RCA","description":"De nombreux grossistes et de centres auto de renom ont r\u00e9f\u00e9renc\u00e9 nos sph\u00e8res de suspension gr\u00e2ce \u00e0 sa fiabilit\u00e9 et sa comp\u00e9titivit\u00e9.","robots":{"index":"index","follow":"follow","max-snippet":"max-snippet:-1","max-image-preview":"max-image-preview:large","max-video-preview":"max-video-preview:-1"},"canonical":"https:\/\/www.rcafrance.com\/en\/produits\/new-suspension-spheres\/","og_locale":"en_US","og_type":"article","og_title":"New suspension spheres - RCA","og_description":"De nombreux grossistes et de centres auto de renom ont r\u00e9f\u00e9renc\u00e9 nos sph\u00e8res de suspension gr\u00e2ce \u00e0 sa fiabilit\u00e9 et sa comp\u00e9titivit\u00e9.","og_url":"https:\/\/www.rcafrance.com\/en\/produits\/new-suspension-spheres\/","og_site_name":"RCA France","article_modified_time":"2020-02-07T09:46:49+00:00","og_image":[{"url":"https:\/\/www.rcafrance.com\/wp-content\/uploads\/2017\/01\/produits-spheres-01.jpg","type":"","width":"","height":""}],"twitter_card":"summary_large_image","twitter_misc":{"Est. reading time":"1 minute"},"schema":{"@context":"https:\/\/schema.org","@graph":[{"@type":"WebPage","@id":"https:\/\/www.rcafrance.com\/en\/produits\/new-suspension-spheres\/","url":"https:\/\/www.rcafrance.com\/en\/produits\/new-suspension-spheres\/","name":"New suspension spheres - RCA","isPartOf":{"@id":"https:\/\/www.rcafrance.com\/#website"},"primaryImageOfPage":{"@id":"https:\/\/www.rcafrance.com\/en\/produits\/new-suspension-spheres\/#primaryimage"},"image":{"@id":"https:\/\/www.rcafrance.com\/en\/produits\/new-suspension-spheres\/#primaryimage"},"thumbnailUrl":"https:\/\/www.rcafrance.com\/wp-content\/uploads\/2017\/01\/produits-spheres-01.jpg","datePublished":"2017-01-17T09:47:38+00:00","dateModified":"2020-02-07T09:46:49+00:00","description":"De nombreux grossistes et de centres auto de renom ont r\u00e9f\u00e9renc\u00e9 nos sph\u00e8res de suspension gr\u00e2ce \u00e0 sa fiabilit\u00e9 et sa comp\u00e9titivit\u00e9.","breadcrumb":{"@id":"https:\/\/www.rcafrance.com\/en\/produits\/new-suspension-spheres\/#breadcrumb"},"inLanguage":"en-US","potentialAction":[{"@type":"ReadAction","target":["https:\/\/www.rcafrance.com\/en\/produits\/new-suspension-spheres\/"]}]},{"@type":"ImageObject","inLanguage":"en-US","@id":"https:\/\/www.rcafrance.com\/en\/produits\/new-suspension-spheres\/#primaryimage","url":"https:\/\/www.rcafrance.com\/wp-content\/uploads\/2017\/01\/produits-spheres-01.jpg","contentUrl":"https:\/\/www.rcafrance.com\/wp-content\/uploads\/2017\/01\/produits-spheres-01.jpg"},{"@type":"BreadcrumbList","@id":"https:\/\/www.rcafrance.com\/en\/produits\/new-suspension-spheres\/#breadcrumb","itemListElement":[{"@type":"ListItem","position":1,"name":"Accueil","item":"https:\/\/www.rcafrance.com\/en\/"},{"@type":"ListItem","position":2,"name":"Products","item":"https:\/\/www.rcafrance.com\/en\/produits\/"},{"@type":"ListItem","position":3,"name":"New suspension spheres"}]},{"@type":"WebSite","@id":"https:\/\/www.rcafrance.com\/#website","url":"https:\/\/www.rcafrance.com\/","name":"RCA France","description":"grossiste pi\u00e8ce d\u00e9tach\u00e9e auto","potentialAction":[{"@type":"SearchAction","target":{"@type":"EntryPoint","urlTemplate":"https:\/\/www.rcafrance.com\/?s={search_term_string}"},"query-input":{"@type":"PropertyValueSpecification","valueRequired":true,"valueName":"search_term_string"}}],"inLanguage":"en-US"}]}},"_links":{"self":[{"href":"https:\/\/www.rcafrance.com\/en\/wp-json\/wp\/v2\/pages\/265\/"}],"collection":[{"href":"https:\/\/www.rcafrance.com\/en\/wp-json\/wp\/v2\/pages\/"}],"about":[{"href":"https:\/\/www.rcafrance.com\/en\/wp-json\/wp\/v2\/types\/page\/"}],"author":[{"embeddable":true,"href":"https:\/\/www.rcafrance.com\/en\/wp-json\/wp\/v2\/users\/2\/"}],"replies":[{"embeddable":true,"href":"https:\/\/www.rcafrance.com\/en\/wp-json\/wp\/v2\/comments\/?post=265"}],"version-history":[{"count":3,"href":"https:\/\/www.rcafrance.com\/en\/wp-json\/wp\/v2\/pages\/265\/revisions\/"}],"predecessor-version":[{"id":5810,"href":"https:\/\/www.rcafrance.com\/en\/wp-json\/wp\/v2\/pages\/265\/revisions\/5810\/"}],"up":[{"embeddable":true,"href":"https:\/\/www.rcafrance.com\/en\/wp-json\/wp\/v2\/pages\/258\/"}],"wp:attachment":[{"href":"https:\/\/www.rcafrance.com\/en\/wp-json\/wp\/v2\/media\/?parent=265"}],"curies":[{"name":"wp","href":"https:\/\/api.w.org\/{rel}","templated":true}]}}