{"id":268,"date":"2017-01-17T10:31:06","date_gmt":"2017-01-17T09:31:06","guid":{"rendered":"https:\/\/www.rcafrance.com\/en\/produits\/transmissions-neuves\/"},"modified":"2020-02-07T10:42:00","modified_gmt":"2020-02-07T09:42:00","slug":"new-driveshafts","status":"publish","type":"page","link":"https:\/\/www.rcafrance.com\/en\/produits\/new-driveshafts\/","title":{"rendered":"New driveshafts"},"content":{"rendered":"<p>A range of innovative products new to the French market. For the first time, an independent supplier of aftermarket automotive parts offers new driveshafts guaranteed for 2 years.<\/p>\n<p>The concept is simple: no old units invoiced or a return of old materials!<\/p>\n<div style=\"text-align: center;\"><img fetchpriority=\"high\" decoding=\"async\" class=\"alignnone wp-image-123 size-full\" src=\"\/wp-content\/uploads\/2017\/01\/produits-transmissionsneuves-02.jpg\" alt=\"Transmissions neuves - rca\" width=\"354\" height=\"212\" srcset=\"https:\/\/www.rcafrance.com\/wp-content\/uploads\/2017\/01\/produits-transmissionsneuves-02.jpg 354w, https:\/\/www.rcafrance.com\/wp-content\/uploads\/2017\/01\/produits-transmissionsneuves-02-300x180.jpg 300w\" sizes=\"(max-width: 354px) 100vw, 354px\" \/>&nbsp; &nbsp; &nbsp; &nbsp; &nbsp;&nbsp;<img decoding=\"async\" class=\"aligncenter wp-image-124 size-full\" src=\"\/wp-content\/uploads\/2017\/01\/transmissions-neuves-02.jpg\" alt=\"Transmissions neuves - rca\" width=\"400\" height=\"220\" srcset=\"https:\/\/www.rcafrance.com\/wp-content\/uploads\/2017\/01\/transmissions-neuves-02.jpg 400w, https:\/\/www.rcafrance.com\/wp-content\/uploads\/2017\/01\/transmissions-neuves-02-300x165.jpg 300w\" sizes=\"(max-width: 400px) 100vw, 400px\" \/><\/div>\n<p>&nbsp;<\/p>\n<p>Covering 98% of European demand, our depth of range increases exponentially with the addition of 30 new references per quarter.<\/p>\n<p>Our stock of 50,000 parts guarantees almost immediate delivery. Our parts are ISO certified and are registered for full traceability.<\/p>\n<p style=\"text-align: center;\"><a class=\"bouton\" title=\"Consult the catalog\" href=\"http:\/\/rca.passreel.com\/?en=true\" target=\"_blank\" rel=\"noopener noreferrer\">Consult the catalog<\/a><\/p>\n","protected":false},"excerpt":{"rendered":"<p>A range of innovative products new to the French market. For the first time, an independent supplier of aftermarket automotive parts offers new driveshafts guaranteed for 2 years. The concept is simple: no old units invoiced or a return of old materials! &nbsp; &nbsp; &nbsp; &nbsp; &nbsp;&nbsp; &nbsp; Covering 98% of European demand, our depth<br \/><a class=\"moretag\" href=\"https:\/\/www.rcafrance.com\/en\/produits\/new-driveshafts\/\" title=\"Learn more aboutNew driveshafts\"> <i class=\"fa fa-chevron-right\"><\/i> Learn more<\/a><\/p>\n","protected":false},"author":2,"featured_media":0,"parent":258,"menu_order":0,"comment_status":"closed","ping_status":"closed","template":"","meta":{"ngg_post_thumbnail":0,"footnotes":""},"class_list":["post-268","page","type-page","status-publish","hentry"],"yoast_head":"<!-- This site is optimized with the Yoast SEO plugin v27.5 - https:\/\/yoast.com\/product\/yoast-seo-wordpress\/ -->\n<title>New transmissions - RCA<\/title>\n<meta name=\"description\" content=\"For the first time an independent aftermarket supplier is offering new transmissions with a 2-year warranty.\" \/>\n<meta name=\"robots\" content=\"index, follow, max-snippet:-1, max-image-preview:large, max-video-preview:-1\" \/>\n<link rel=\"canonical\" href=\"https:\/\/www.rcafrance.com\/en\/produits\/new-driveshafts\/\" \/>\n<meta property=\"og:locale\" content=\"en_US\" \/>\n<meta property=\"og:type\" content=\"article\" \/>\n<meta property=\"og:title\" content=\"New transmissions - RCA\" \/>\n<meta property=\"og:description\" content=\"For the first time an independent aftermarket supplier is offering new transmissions with a 2-year warranty.\" \/>\n<meta property=\"og:url\" content=\"https:\/\/www.rcafrance.com\/en\/produits\/new-driveshafts\/\" \/>\n<meta property=\"og:site_name\" content=\"RCA France\" \/>\n<meta property=\"article:modified_time\" content=\"2020-02-07T09:42:00+00:00\" \/>\n<meta property=\"og:image\" content=\"https:\/\/www.rcafrance.com\/wp-content\/uploads\/2017\/01\/produits-transmissionsneuves-02.jpg\" \/>\n<meta name=\"twitter:card\" content=\"summary_large_image\" \/>\n<script type=\"application\/ld+json\" class=\"yoast-schema-graph\">{\"@context\":\"https:\\\/\\\/schema.org\",\"@graph\":[{\"@type\":\"WebPage\",\"@id\":\"https:\\\/\\\/www.rcafrance.com\\\/en\\\/produits\\\/new-driveshafts\\\/\",\"url\":\"https:\\\/\\\/www.rcafrance.com\\\/en\\\/produits\\\/new-driveshafts\\\/\",\"name\":\"New transmissions - RCA\",\"isPartOf\":{\"@id\":\"https:\\\/\\\/www.rcafrance.com\\\/#website\"},\"datePublished\":\"2017-01-17T09:31:06+00:00\",\"dateModified\":\"2020-02-07T09:42:00+00:00\",\"description\":\"For the first time an independent aftermarket supplier is offering new transmissions with a 2-year warranty.\",\"breadcrumb\":{\"@id\":\"https:\\\/\\\/www.rcafrance.com\\\/en\\\/produits\\\/new-driveshafts\\\/#breadcrumb\"},\"inLanguage\":\"en-US\",\"potentialAction\":[{\"@type\":\"ReadAction\",\"target\":[\"https:\\\/\\\/www.rcafrance.com\\\/en\\\/produits\\\/new-driveshafts\\\/\"]}]},{\"@type\":\"BreadcrumbList\",\"@id\":\"https:\\\/\\\/www.rcafrance.com\\\/en\\\/produits\\\/new-driveshafts\\\/#breadcrumb\",\"itemListElement\":[{\"@type\":\"ListItem\",\"position\":1,\"name\":\"Accueil\",\"item\":\"https:\\\/\\\/www.rcafrance.com\\\/en\\\/\"},{\"@type\":\"ListItem\",\"position\":2,\"name\":\"Products\",\"item\":\"https:\\\/\\\/www.rcafrance.com\\\/en\\\/produits\\\/\"},{\"@type\":\"ListItem\",\"position\":3,\"name\":\"New driveshafts\"}]},{\"@type\":\"WebSite\",\"@id\":\"https:\\\/\\\/www.rcafrance.com\\\/#website\",\"url\":\"https:\\\/\\\/www.rcafrance.com\\\/\",\"name\":\"RCA France\",\"description\":\"grossiste pi\u00e8ce d\u00e9tach\u00e9e auto\",\"potentialAction\":[{\"@type\":\"SearchAction\",\"target\":{\"@type\":\"EntryPoint\",\"urlTemplate\":\"https:\\\/\\\/www.rcafrance.com\\\/?s={search_term_string}\"},\"query-input\":{\"@type\":\"PropertyValueSpecification\",\"valueRequired\":true,\"valueName\":\"search_term_string\"}}],\"inLanguage\":\"en-US\"}]}<\/script>\n<!-- \/ Yoast SEO plugin. -->","yoast_head_json":{"title":"New transmissions - RCA","description":"For the first time an independent aftermarket supplier is offering new transmissions with a 2-year warranty.","robots":{"index":"index","follow":"follow","max-snippet":"max-snippet:-1","max-image-preview":"max-image-preview:large","max-video-preview":"max-video-preview:-1"},"canonical":"https:\/\/www.rcafrance.com\/en\/produits\/new-driveshafts\/","og_locale":"en_US","og_type":"article","og_title":"New transmissions - RCA","og_description":"For the first time an independent aftermarket supplier is offering new transmissions with a 2-year warranty.","og_url":"https:\/\/www.rcafrance.com\/en\/produits\/new-driveshafts\/","og_site_name":"RCA France","article_modified_time":"2020-02-07T09:42:00+00:00","og_image":[{"url":"https:\/\/www.rcafrance.com\/wp-content\/uploads\/2017\/01\/produits-transmissionsneuves-02.jpg","type":"","width":"","height":""}],"twitter_card":"summary_large_image","schema":{"@context":"https:\/\/schema.org","@graph":[{"@type":"WebPage","@id":"https:\/\/www.rcafrance.com\/en\/produits\/new-driveshafts\/","url":"https:\/\/www.rcafrance.com\/en\/produits\/new-driveshafts\/","name":"New transmissions - RCA","isPartOf":{"@id":"https:\/\/www.rcafrance.com\/#website"},"datePublished":"2017-01-17T09:31:06+00:00","dateModified":"2020-02-07T09:42:00+00:00","description":"For the first time an independent aftermarket supplier is offering new transmissions with a 2-year warranty.","breadcrumb":{"@id":"https:\/\/www.rcafrance.com\/en\/produits\/new-driveshafts\/#breadcrumb"},"inLanguage":"en-US","potentialAction":[{"@type":"ReadAction","target":["https:\/\/www.rcafrance.com\/en\/produits\/new-driveshafts\/"]}]},{"@type":"BreadcrumbList","@id":"https:\/\/www.rcafrance.com\/en\/produits\/new-driveshafts\/#breadcrumb","itemListElement":[{"@type":"ListItem","position":1,"name":"Accueil","item":"https:\/\/www.rcafrance.com\/en\/"},{"@type":"ListItem","position":2,"name":"Products","item":"https:\/\/www.rcafrance.com\/en\/produits\/"},{"@type":"ListItem","position":3,"name":"New driveshafts"}]},{"@type":"WebSite","@id":"https:\/\/www.rcafrance.com\/#website","url":"https:\/\/www.rcafrance.com\/","name":"RCA France","description":"grossiste pi\u00e8ce d\u00e9tach\u00e9e auto","potentialAction":[{"@type":"SearchAction","target":{"@type":"EntryPoint","urlTemplate":"https:\/\/www.rcafrance.com\/?s={search_term_string}"},"query-input":{"@type":"PropertyValueSpecification","valueRequired":true,"valueName":"search_term_string"}}],"inLanguage":"en-US"}]}},"_links":{"self":[{"href":"https:\/\/www.rcafrance.com\/en\/wp-json\/wp\/v2\/pages\/268\/"}],"collection":[{"href":"https:\/\/www.rcafrance.com\/en\/wp-json\/wp\/v2\/pages\/"}],"about":[{"href":"https:\/\/www.rcafrance.com\/en\/wp-json\/wp\/v2\/types\/page\/"}],"author":[{"embeddable":true,"href":"https:\/\/www.rcafrance.com\/en\/wp-json\/wp\/v2\/users\/2\/"}],"replies":[{"embeddable":true,"href":"https:\/\/www.rcafrance.com\/en\/wp-json\/wp\/v2\/comments\/?post=268"}],"version-history":[{"count":4,"href":"https:\/\/www.rcafrance.com\/en\/wp-json\/wp\/v2\/pages\/268\/revisions\/"}],"predecessor-version":[{"id":5806,"href":"https:\/\/www.rcafrance.com\/en\/wp-json\/wp\/v2\/pages\/268\/revisions\/5806\/"}],"up":[{"embeddable":true,"href":"https:\/\/www.rcafrance.com\/en\/wp-json\/wp\/v2\/pages\/258\/"}],"wp:attachment":[{"href":"https:\/\/www.rcafrance.com\/en\/wp-json\/wp\/v2\/media\/?parent=268"}],"curies":[{"name":"wp","href":"https:\/\/api.w.org\/{rel}","templated":true}]}}