{"id":275,"date":"2017-01-17T10:42:38","date_gmt":"2017-01-17T09:42:38","guid":{"rendered":"https:\/\/www.rcafrance.com\/en\/produits\/turbochargers\/"},"modified":"2020-02-07T11:01:46","modified_gmt":"2020-02-07T10:01:46","slug":"turbochargers","status":"publish","type":"page","link":"https:\/\/www.rcafrance.com\/en\/produits\/turbochargers\/","title":{"rendered":"Our Turbochargers"},"content":{"rendered":"<p>RCA FRANCE now offers a range of upgraded turbos covering most of the European market demand.<\/p>\n<p>Our turbos are all of European origin, ensuring traceability, quality and reliability of our parts.<\/p>\n<div style=\"text-align: center;\">\n<p><img fetchpriority=\"high\" decoding=\"async\" class=\"alignnone wp-image-180 size-full\" src=\"\/wp-content\/uploads\/2017\/01\/turbo-01.jpg\" alt=\"Turbochargers - rca\" width=\"299\" height=\"200\"> &nbsp; &nbsp; &nbsp; &nbsp;&nbsp;<img decoding=\"async\" class=\"alignnone wp-image-178 size-full\" src=\"https:\/\/www.rcafrance.com\/wp-content\/uploads\/2017\/01\/turbo-02.jpg\" alt=\"Turbochargers - rca\" width=\"333\" height=\"250\" srcset=\"https:\/\/www.rcafrance.com\/wp-content\/uploads\/2017\/01\/turbo-02.jpg 333w, https:\/\/www.rcafrance.com\/wp-content\/uploads\/2017\/01\/turbo-02-300x225.jpg 300w\" sizes=\"(max-width: 333px) 100vw, 333px\" \/>&nbsp; &nbsp; &nbsp; &nbsp; &nbsp;&nbsp;<img decoding=\"async\" class=\"alignnone wp-image-179 size-full\" src=\"https:\/\/www.rcafrance.com\/wp-content\/uploads\/2017\/01\/turbo-03.jpg\" alt=\"Turbochargers - rca\" width=\"333\" height=\"250\" srcset=\"https:\/\/www.rcafrance.com\/wp-content\/uploads\/2017\/01\/turbo-03.jpg 333w, https:\/\/www.rcafrance.com\/wp-content\/uploads\/2017\/01\/turbo-03-300x225.jpg 300w\" sizes=\"(max-width: 333px) 100vw, 333px\" \/><\/p>\n<\/div>\n<p>Our parts are sold with the kit, which includes a pocket seal, a dose of oil and a manual.<\/p>\n<p>We guarantee our turbos for 12 months.<\/p>\n<p>We deliver free throughout France.<\/p>\n<p style=\"text-align: center;\"><a class=\"bouton\" title=\"Consult the catalog\" href=\"http:\/\/rca.passreel.com\/?en=true\" target=\"_blank\" rel=\"noopener noreferrer\">Consult the catalog<\/a><\/p>\n","protected":false},"excerpt":{"rendered":"<p>RCA FRANCE now offers a range of upgraded turbos covering most of the European market demand. Our turbos are all of European origin, ensuring traceability, quality and reliability of our parts. &nbsp; &nbsp; &nbsp; &nbsp;&nbsp;&nbsp; &nbsp; &nbsp; &nbsp; &nbsp;&nbsp; Our parts are sold with the kit, which includes a pocket seal, a dose of oil<br \/><a class=\"moretag\" href=\"https:\/\/www.rcafrance.com\/en\/produits\/turbochargers\/\" title=\"Learn more aboutOur Turbochargers\"> <i class=\"fa fa-chevron-right\"><\/i> Learn more<\/a><\/p>\n","protected":false},"author":2,"featured_media":0,"parent":258,"menu_order":0,"comment_status":"closed","ping_status":"closed","template":"","meta":{"ngg_post_thumbnail":0,"footnotes":""},"class_list":["post-275","page","type-page","status-publish","hentry"],"yoast_head":"<!-- This site is optimized with the Yoast SEO plugin v27.5 - https:\/\/yoast.com\/product\/yoast-seo-wordpress\/ -->\n<title>Turbochargers, guarantee 12 months- RCA<\/title>\n<meta name=\"description\" content=\"RCA FRANCE now offers you a range of refurbished turbochargers covering most of the European market demand.\" \/>\n<meta name=\"robots\" content=\"index, follow, max-snippet:-1, max-image-preview:large, max-video-preview:-1\" \/>\n<link rel=\"canonical\" href=\"https:\/\/www.rcafrance.com\/en\/produits\/turbochargers\/\" \/>\n<meta property=\"og:locale\" content=\"en_US\" \/>\n<meta property=\"og:type\" content=\"article\" \/>\n<meta property=\"og:title\" content=\"Turbochargers, guarantee 12 months- RCA\" \/>\n<meta property=\"og:description\" content=\"RCA FRANCE now offers you a range of refurbished turbochargers covering most of the European market demand.\" \/>\n<meta property=\"og:url\" content=\"https:\/\/www.rcafrance.com\/en\/produits\/turbochargers\/\" \/>\n<meta property=\"og:site_name\" content=\"RCA France\" \/>\n<meta property=\"article:modified_time\" content=\"2020-02-07T10:01:46+00:00\" \/>\n<meta property=\"og:image\" content=\"https:\/\/www.rcafrance.com\/wp-content\/uploads\/2017\/01\/turbo-01.jpg\" \/>\n<meta name=\"twitter:card\" content=\"summary_large_image\" \/>\n<script type=\"application\/ld+json\" class=\"yoast-schema-graph\">{\"@context\":\"https:\\\/\\\/schema.org\",\"@graph\":[{\"@type\":\"WebPage\",\"@id\":\"https:\\\/\\\/www.rcafrance.com\\\/en\\\/produits\\\/turbochargers\\\/\",\"url\":\"https:\\\/\\\/www.rcafrance.com\\\/en\\\/produits\\\/turbochargers\\\/\",\"name\":\"Turbochargers, guarantee 12 months- RCA\",\"isPartOf\":{\"@id\":\"https:\\\/\\\/www.rcafrance.com\\\/#website\"},\"primaryImageOfPage\":{\"@id\":\"https:\\\/\\\/www.rcafrance.com\\\/en\\\/produits\\\/turbochargers\\\/#primaryimage\"},\"image\":{\"@id\":\"https:\\\/\\\/www.rcafrance.com\\\/en\\\/produits\\\/turbochargers\\\/#primaryimage\"},\"thumbnailUrl\":\"https:\\\/\\\/www.rcafrance.com\\\/wp-content\\\/uploads\\\/2017\\\/01\\\/turbo-02.jpg\",\"datePublished\":\"2017-01-17T09:42:38+00:00\",\"dateModified\":\"2020-02-07T10:01:46+00:00\",\"description\":\"RCA FRANCE now offers you a range of refurbished turbochargers covering most of the European market demand.\",\"breadcrumb\":{\"@id\":\"https:\\\/\\\/www.rcafrance.com\\\/en\\\/produits\\\/turbochargers\\\/#breadcrumb\"},\"inLanguage\":\"en-US\",\"potentialAction\":[{\"@type\":\"ReadAction\",\"target\":[\"https:\\\/\\\/www.rcafrance.com\\\/en\\\/produits\\\/turbochargers\\\/\"]}]},{\"@type\":\"ImageObject\",\"inLanguage\":\"en-US\",\"@id\":\"https:\\\/\\\/www.rcafrance.com\\\/en\\\/produits\\\/turbochargers\\\/#primaryimage\",\"url\":\"https:\\\/\\\/www.rcafrance.com\\\/wp-content\\\/uploads\\\/2017\\\/01\\\/turbo-02.jpg\",\"contentUrl\":\"https:\\\/\\\/www.rcafrance.com\\\/wp-content\\\/uploads\\\/2017\\\/01\\\/turbo-02.jpg\"},{\"@type\":\"BreadcrumbList\",\"@id\":\"https:\\\/\\\/www.rcafrance.com\\\/en\\\/produits\\\/turbochargers\\\/#breadcrumb\",\"itemListElement\":[{\"@type\":\"ListItem\",\"position\":1,\"name\":\"Accueil\",\"item\":\"https:\\\/\\\/www.rcafrance.com\\\/en\\\/\"},{\"@type\":\"ListItem\",\"position\":2,\"name\":\"Products\",\"item\":\"https:\\\/\\\/www.rcafrance.com\\\/en\\\/produits\\\/\"},{\"@type\":\"ListItem\",\"position\":3,\"name\":\"Our Turbochargers\"}]},{\"@type\":\"WebSite\",\"@id\":\"https:\\\/\\\/www.rcafrance.com\\\/#website\",\"url\":\"https:\\\/\\\/www.rcafrance.com\\\/\",\"name\":\"RCA France\",\"description\":\"grossiste pi\u00e8ce d\u00e9tach\u00e9e auto\",\"potentialAction\":[{\"@type\":\"SearchAction\",\"target\":{\"@type\":\"EntryPoint\",\"urlTemplate\":\"https:\\\/\\\/www.rcafrance.com\\\/?s={search_term_string}\"},\"query-input\":{\"@type\":\"PropertyValueSpecification\",\"valueRequired\":true,\"valueName\":\"search_term_string\"}}],\"inLanguage\":\"en-US\"}]}<\/script>\n<!-- \/ Yoast SEO plugin. -->","yoast_head_json":{"title":"Turbochargers, guarantee 12 months- RCA","description":"RCA FRANCE now offers you a range of refurbished turbochargers covering most of the European market demand.","robots":{"index":"index","follow":"follow","max-snippet":"max-snippet:-1","max-image-preview":"max-image-preview:large","max-video-preview":"max-video-preview:-1"},"canonical":"https:\/\/www.rcafrance.com\/en\/produits\/turbochargers\/","og_locale":"en_US","og_type":"article","og_title":"Turbochargers, guarantee 12 months- RCA","og_description":"RCA FRANCE now offers you a range of refurbished turbochargers covering most of the European market demand.","og_url":"https:\/\/www.rcafrance.com\/en\/produits\/turbochargers\/","og_site_name":"RCA France","article_modified_time":"2020-02-07T10:01:46+00:00","og_image":[{"url":"https:\/\/www.rcafrance.com\/wp-content\/uploads\/2017\/01\/turbo-01.jpg","type":"","width":"","height":""}],"twitter_card":"summary_large_image","schema":{"@context":"https:\/\/schema.org","@graph":[{"@type":"WebPage","@id":"https:\/\/www.rcafrance.com\/en\/produits\/turbochargers\/","url":"https:\/\/www.rcafrance.com\/en\/produits\/turbochargers\/","name":"Turbochargers, guarantee 12 months- RCA","isPartOf":{"@id":"https:\/\/www.rcafrance.com\/#website"},"primaryImageOfPage":{"@id":"https:\/\/www.rcafrance.com\/en\/produits\/turbochargers\/#primaryimage"},"image":{"@id":"https:\/\/www.rcafrance.com\/en\/produits\/turbochargers\/#primaryimage"},"thumbnailUrl":"https:\/\/www.rcafrance.com\/wp-content\/uploads\/2017\/01\/turbo-02.jpg","datePublished":"2017-01-17T09:42:38+00:00","dateModified":"2020-02-07T10:01:46+00:00","description":"RCA FRANCE now offers you a range of refurbished turbochargers covering most of the European market demand.","breadcrumb":{"@id":"https:\/\/www.rcafrance.com\/en\/produits\/turbochargers\/#breadcrumb"},"inLanguage":"en-US","potentialAction":[{"@type":"ReadAction","target":["https:\/\/www.rcafrance.com\/en\/produits\/turbochargers\/"]}]},{"@type":"ImageObject","inLanguage":"en-US","@id":"https:\/\/www.rcafrance.com\/en\/produits\/turbochargers\/#primaryimage","url":"https:\/\/www.rcafrance.com\/wp-content\/uploads\/2017\/01\/turbo-02.jpg","contentUrl":"https:\/\/www.rcafrance.com\/wp-content\/uploads\/2017\/01\/turbo-02.jpg"},{"@type":"BreadcrumbList","@id":"https:\/\/www.rcafrance.com\/en\/produits\/turbochargers\/#breadcrumb","itemListElement":[{"@type":"ListItem","position":1,"name":"Accueil","item":"https:\/\/www.rcafrance.com\/en\/"},{"@type":"ListItem","position":2,"name":"Products","item":"https:\/\/www.rcafrance.com\/en\/produits\/"},{"@type":"ListItem","position":3,"name":"Our Turbochargers"}]},{"@type":"WebSite","@id":"https:\/\/www.rcafrance.com\/#website","url":"https:\/\/www.rcafrance.com\/","name":"RCA France","description":"grossiste pi\u00e8ce d\u00e9tach\u00e9e auto","potentialAction":[{"@type":"SearchAction","target":{"@type":"EntryPoint","urlTemplate":"https:\/\/www.rcafrance.com\/?s={search_term_string}"},"query-input":{"@type":"PropertyValueSpecification","valueRequired":true,"valueName":"search_term_string"}}],"inLanguage":"en-US"}]}},"_links":{"self":[{"href":"https:\/\/www.rcafrance.com\/en\/wp-json\/wp\/v2\/pages\/275\/"}],"collection":[{"href":"https:\/\/www.rcafrance.com\/en\/wp-json\/wp\/v2\/pages\/"}],"about":[{"href":"https:\/\/www.rcafrance.com\/en\/wp-json\/wp\/v2\/types\/page\/"}],"author":[{"embeddable":true,"href":"https:\/\/www.rcafrance.com\/en\/wp-json\/wp\/v2\/users\/2\/"}],"replies":[{"embeddable":true,"href":"https:\/\/www.rcafrance.com\/en\/wp-json\/wp\/v2\/comments\/?post=275"}],"version-history":[{"count":5,"href":"https:\/\/www.rcafrance.com\/en\/wp-json\/wp\/v2\/pages\/275\/revisions\/"}],"predecessor-version":[{"id":5811,"href":"https:\/\/www.rcafrance.com\/en\/wp-json\/wp\/v2\/pages\/275\/revisions\/5811\/"}],"up":[{"embeddable":true,"href":"https:\/\/www.rcafrance.com\/en\/wp-json\/wp\/v2\/pages\/258\/"}],"wp:attachment":[{"href":"https:\/\/www.rcafrance.com\/en\/wp-json\/wp\/v2\/media\/?parent=275"}],"curies":[{"name":"wp","href":"https:\/\/api.w.org\/{rel}","templated":true}]}}