{"id":279,"date":"2017-01-17T11:14:46","date_gmt":"2017-01-17T10:14:46","guid":{"rendered":"https:\/\/www.rcafrance.com\/en\/produits\/vannes-egr-neuves\/"},"modified":"2020-02-07T10:46:11","modified_gmt":"2020-02-07T09:46:11","slug":"new-egr-valves","status":"publish","type":"page","link":"https:\/\/www.rcafrance.com\/en\/produits\/new-egr-valves\/","title":{"rendered":"New EGR valves"},"content":{"rendered":"<p>New product line in our RCA TITANIUM range, our EGR valves are NEW, NO DEPOSIT and sold with 1 YEAR WARRANTY.<\/p>\n<p style=\"text-align: center;\"><img fetchpriority=\"high\" decoding=\"async\" class=\"alignnone wp-image-155 size-full\" src=\"https:\/\/www.rcafrance.com\/wp-content\/uploads\/2017\/01\/valves-egr-neuve-02.jpg\" alt=\"Vannes EGR neuves - rca\" width=\"720\" height=\"294\" srcset=\"https:\/\/www.rcafrance.com\/wp-content\/uploads\/2017\/01\/valves-egr-neuve-02.jpg 720w, https:\/\/www.rcafrance.com\/wp-content\/uploads\/2017\/01\/valves-egr-neuve-02-300x123.jpg 300w\" sizes=\"(max-width: 720px) 100vw, 720px\" \/><\/p>\n<p>We currently cover 98% of the european market, our range is getting deeper every quarter.<\/p>\n<p>Our valves are ISO certified and are marked for a perfect traceability.<\/p>\n","protected":false},"excerpt":{"rendered":"<p>New product line in our RCA TITANIUM range, our EGR valves are NEW, NO DEPOSIT and sold with 1 YEAR WARRANTY. We currently cover 98% of the european market, our range is getting deeper every quarter. Our valves are ISO certified and are marked for a perfect traceability.<\/p>\n","protected":false},"author":2,"featured_media":0,"parent":258,"menu_order":0,"comment_status":"closed","ping_status":"closed","template":"","meta":{"ngg_post_thumbnail":0,"footnotes":""},"class_list":["post-279","page","type-page","status-publish","hentry"],"yoast_head":"<!-- This site is optimized with the Yoast SEO plugin v27.5 - https:\/\/yoast.com\/product\/yoast-seo-wordpress\/ -->\n<title>New EGR valves - RCA<\/title>\n<meta name=\"description\" content=\"New RCA TITANIUM offer, our EGR valves are NEW, WITHOUT CONSIGNATIONS AND GUARANTEE 1 YEAR. Our valves are ISO certified and marked.\" \/>\n<meta name=\"robots\" content=\"index, follow, max-snippet:-1, max-image-preview:large, max-video-preview:-1\" \/>\n<link rel=\"canonical\" href=\"https:\/\/www.rcafrance.com\/en\/produits\/new-egr-valves\/\" \/>\n<meta property=\"og:locale\" content=\"en_US\" \/>\n<meta property=\"og:type\" content=\"article\" \/>\n<meta property=\"og:title\" content=\"New EGR valves - RCA\" \/>\n<meta property=\"og:description\" content=\"New RCA TITANIUM offer, our EGR valves are NEW, WITHOUT CONSIGNATIONS AND GUARANTEE 1 YEAR. Our valves are ISO certified and marked.\" \/>\n<meta property=\"og:url\" content=\"https:\/\/www.rcafrance.com\/en\/produits\/new-egr-valves\/\" \/>\n<meta property=\"og:site_name\" content=\"RCA France\" \/>\n<meta property=\"article:modified_time\" content=\"2020-02-07T09:46:11+00:00\" \/>\n<meta property=\"og:image\" content=\"https:\/\/www.rcafrance.com\/wp-content\/uploads\/2017\/01\/valves-egr-neuve-02.jpg\" \/>\n<meta name=\"twitter:card\" content=\"summary_large_image\" \/>\n<script type=\"application\/ld+json\" class=\"yoast-schema-graph\">{\"@context\":\"https:\\\/\\\/schema.org\",\"@graph\":[{\"@type\":\"WebPage\",\"@id\":\"https:\\\/\\\/www.rcafrance.com\\\/en\\\/produits\\\/new-egr-valves\\\/\",\"url\":\"https:\\\/\\\/www.rcafrance.com\\\/en\\\/produits\\\/new-egr-valves\\\/\",\"name\":\"New EGR valves - RCA\",\"isPartOf\":{\"@id\":\"https:\\\/\\\/www.rcafrance.com\\\/#website\"},\"primaryImageOfPage\":{\"@id\":\"https:\\\/\\\/www.rcafrance.com\\\/en\\\/produits\\\/new-egr-valves\\\/#primaryimage\"},\"image\":{\"@id\":\"https:\\\/\\\/www.rcafrance.com\\\/en\\\/produits\\\/new-egr-valves\\\/#primaryimage\"},\"thumbnailUrl\":\"https:\\\/\\\/www.rcafrance.com\\\/wp-content\\\/uploads\\\/2017\\\/01\\\/valves-egr-neuve-02.jpg\",\"datePublished\":\"2017-01-17T10:14:46+00:00\",\"dateModified\":\"2020-02-07T09:46:11+00:00\",\"description\":\"New RCA TITANIUM offer, our EGR valves are NEW, WITHOUT CONSIGNATIONS AND GUARANTEE 1 YEAR. Our valves are ISO certified and marked.\",\"breadcrumb\":{\"@id\":\"https:\\\/\\\/www.rcafrance.com\\\/en\\\/produits\\\/new-egr-valves\\\/#breadcrumb\"},\"inLanguage\":\"en-US\",\"potentialAction\":[{\"@type\":\"ReadAction\",\"target\":[\"https:\\\/\\\/www.rcafrance.com\\\/en\\\/produits\\\/new-egr-valves\\\/\"]}]},{\"@type\":\"ImageObject\",\"inLanguage\":\"en-US\",\"@id\":\"https:\\\/\\\/www.rcafrance.com\\\/en\\\/produits\\\/new-egr-valves\\\/#primaryimage\",\"url\":\"https:\\\/\\\/www.rcafrance.com\\\/wp-content\\\/uploads\\\/2017\\\/01\\\/valves-egr-neuve-02.jpg\",\"contentUrl\":\"https:\\\/\\\/www.rcafrance.com\\\/wp-content\\\/uploads\\\/2017\\\/01\\\/valves-egr-neuve-02.jpg\"},{\"@type\":\"BreadcrumbList\",\"@id\":\"https:\\\/\\\/www.rcafrance.com\\\/en\\\/produits\\\/new-egr-valves\\\/#breadcrumb\",\"itemListElement\":[{\"@type\":\"ListItem\",\"position\":1,\"name\":\"Accueil\",\"item\":\"https:\\\/\\\/www.rcafrance.com\\\/en\\\/\"},{\"@type\":\"ListItem\",\"position\":2,\"name\":\"Products\",\"item\":\"https:\\\/\\\/www.rcafrance.com\\\/en\\\/produits\\\/\"},{\"@type\":\"ListItem\",\"position\":3,\"name\":\"New EGR valves\"}]},{\"@type\":\"WebSite\",\"@id\":\"https:\\\/\\\/www.rcafrance.com\\\/#website\",\"url\":\"https:\\\/\\\/www.rcafrance.com\\\/\",\"name\":\"RCA France\",\"description\":\"grossiste pi\u00e8ce d\u00e9tach\u00e9e auto\",\"potentialAction\":[{\"@type\":\"SearchAction\",\"target\":{\"@type\":\"EntryPoint\",\"urlTemplate\":\"https:\\\/\\\/www.rcafrance.com\\\/?s={search_term_string}\"},\"query-input\":{\"@type\":\"PropertyValueSpecification\",\"valueRequired\":true,\"valueName\":\"search_term_string\"}}],\"inLanguage\":\"en-US\"}]}<\/script>\n<!-- \/ Yoast SEO plugin. -->","yoast_head_json":{"title":"New EGR valves - RCA","description":"New RCA TITANIUM offer, our EGR valves are NEW, WITHOUT CONSIGNATIONS AND GUARANTEE 1 YEAR. Our valves are ISO certified and marked.","robots":{"index":"index","follow":"follow","max-snippet":"max-snippet:-1","max-image-preview":"max-image-preview:large","max-video-preview":"max-video-preview:-1"},"canonical":"https:\/\/www.rcafrance.com\/en\/produits\/new-egr-valves\/","og_locale":"en_US","og_type":"article","og_title":"New EGR valves - RCA","og_description":"New RCA TITANIUM offer, our EGR valves are NEW, WITHOUT CONSIGNATIONS AND GUARANTEE 1 YEAR. Our valves are ISO certified and marked.","og_url":"https:\/\/www.rcafrance.com\/en\/produits\/new-egr-valves\/","og_site_name":"RCA France","article_modified_time":"2020-02-07T09:46:11+00:00","og_image":[{"url":"https:\/\/www.rcafrance.com\/wp-content\/uploads\/2017\/01\/valves-egr-neuve-02.jpg","type":"","width":"","height":""}],"twitter_card":"summary_large_image","schema":{"@context":"https:\/\/schema.org","@graph":[{"@type":"WebPage","@id":"https:\/\/www.rcafrance.com\/en\/produits\/new-egr-valves\/","url":"https:\/\/www.rcafrance.com\/en\/produits\/new-egr-valves\/","name":"New EGR valves - RCA","isPartOf":{"@id":"https:\/\/www.rcafrance.com\/#website"},"primaryImageOfPage":{"@id":"https:\/\/www.rcafrance.com\/en\/produits\/new-egr-valves\/#primaryimage"},"image":{"@id":"https:\/\/www.rcafrance.com\/en\/produits\/new-egr-valves\/#primaryimage"},"thumbnailUrl":"https:\/\/www.rcafrance.com\/wp-content\/uploads\/2017\/01\/valves-egr-neuve-02.jpg","datePublished":"2017-01-17T10:14:46+00:00","dateModified":"2020-02-07T09:46:11+00:00","description":"New RCA TITANIUM offer, our EGR valves are NEW, WITHOUT CONSIGNATIONS AND GUARANTEE 1 YEAR. Our valves are ISO certified and marked.","breadcrumb":{"@id":"https:\/\/www.rcafrance.com\/en\/produits\/new-egr-valves\/#breadcrumb"},"inLanguage":"en-US","potentialAction":[{"@type":"ReadAction","target":["https:\/\/www.rcafrance.com\/en\/produits\/new-egr-valves\/"]}]},{"@type":"ImageObject","inLanguage":"en-US","@id":"https:\/\/www.rcafrance.com\/en\/produits\/new-egr-valves\/#primaryimage","url":"https:\/\/www.rcafrance.com\/wp-content\/uploads\/2017\/01\/valves-egr-neuve-02.jpg","contentUrl":"https:\/\/www.rcafrance.com\/wp-content\/uploads\/2017\/01\/valves-egr-neuve-02.jpg"},{"@type":"BreadcrumbList","@id":"https:\/\/www.rcafrance.com\/en\/produits\/new-egr-valves\/#breadcrumb","itemListElement":[{"@type":"ListItem","position":1,"name":"Accueil","item":"https:\/\/www.rcafrance.com\/en\/"},{"@type":"ListItem","position":2,"name":"Products","item":"https:\/\/www.rcafrance.com\/en\/produits\/"},{"@type":"ListItem","position":3,"name":"New EGR valves"}]},{"@type":"WebSite","@id":"https:\/\/www.rcafrance.com\/#website","url":"https:\/\/www.rcafrance.com\/","name":"RCA France","description":"grossiste pi\u00e8ce d\u00e9tach\u00e9e auto","potentialAction":[{"@type":"SearchAction","target":{"@type":"EntryPoint","urlTemplate":"https:\/\/www.rcafrance.com\/?s={search_term_string}"},"query-input":{"@type":"PropertyValueSpecification","valueRequired":true,"valueName":"search_term_string"}}],"inLanguage":"en-US"}]}},"_links":{"self":[{"href":"https:\/\/www.rcafrance.com\/en\/wp-json\/wp\/v2\/pages\/279\/"}],"collection":[{"href":"https:\/\/www.rcafrance.com\/en\/wp-json\/wp\/v2\/pages\/"}],"about":[{"href":"https:\/\/www.rcafrance.com\/en\/wp-json\/wp\/v2\/types\/page\/"}],"author":[{"embeddable":true,"href":"https:\/\/www.rcafrance.com\/en\/wp-json\/wp\/v2\/users\/2\/"}],"replies":[{"embeddable":true,"href":"https:\/\/www.rcafrance.com\/en\/wp-json\/wp\/v2\/comments\/?post=279"}],"version-history":[{"count":3,"href":"https:\/\/www.rcafrance.com\/en\/wp-json\/wp\/v2\/pages\/279\/revisions\/"}],"predecessor-version":[{"id":282,"href":"https:\/\/www.rcafrance.com\/en\/wp-json\/wp\/v2\/pages\/279\/revisions\/282\/"}],"up":[{"embeddable":true,"href":"https:\/\/www.rcafrance.com\/en\/wp-json\/wp\/v2\/pages\/258\/"}],"wp:attachment":[{"href":"https:\/\/www.rcafrance.com\/en\/wp-json\/wp\/v2\/media\/?parent=279"}],"curies":[{"name":"wp","href":"https:\/\/api.w.org\/{rel}","templated":true}]}}